{"id":20537,"date":"2025-04-03T16:10:39","date_gmt":"2025-04-03T16:10:39","guid":{"rendered":"https:\/\/chamiboy.com\/?post_type=product&#038;p=20537"},"modified":"2026-02-02T12:59:20","modified_gmt":"2026-02-02T12:59:20","slug":"bucket","status":"publish","type":"product","link":"https:\/\/chamiboy.com\/en\/product\/bucket\/","title":{"rendered":"Bucket"},"content":{"rendered":"<div data-elementor-type=\"wp-post\" data-elementor-id=\"20537\" class=\"elementor elementor-20537\">\n\t\t\t\t\t\t<section class=\"elementor-section elementor-top-section elementor-element elementor-element-d24003b elementor-section-full_width elementor-section-height-default elementor-section-height-default sc_fly_static\" data-id=\"d24003b\" data-element_type=\"section\" data-e-type=\"section\" data-settings=\"{&quot;background_background&quot;:&quot;classic&quot;}\">\n\t\t\t\t\t\t<div class=\"elementor-container elementor-column-gap-extended\">\n\t\t\t\t\t<div class=\"elementor-column elementor-col-100 elementor-top-column elementor-element elementor-element-6b4c4b0 sc_content_align_inherit sc_layouts_column_icons_position_left sc_fly_static\" data-id=\"6b4c4b0\" data-element_type=\"column\" data-e-type=\"column\">\n\t\t\t<div class=\"elementor-widget-wrap elementor-element-populated\">\n\t\t\t\t\t\t<section class=\"elementor-section elementor-inner-section elementor-element elementor-element-cfc133a sc_layouts_hide_on_wide sc_layouts_hide_on_desktop sc_layouts_hide_on_notebook sc_layouts_hide_on_tablet sc_layouts_hide_on_mobile elementor-section-boxed elementor-section-height-default elementor-section-height-default sc_fly_static\" data-id=\"cfc133a\" data-element_type=\"section\" data-e-type=\"section\">\n\t\t\t\t\t\t<div class=\"elementor-container elementor-column-gap-extended\">\n\t\t\t\t\t<div class=\"elementor-column elementor-col-50 elementor-inner-column elementor-element elementor-element-7d1b1f0 sc_content_align_inherit sc_layouts_column_icons_position_left sc_fly_static\" data-id=\"7d1b1f0\" data-element_type=\"column\" data-e-type=\"column\">\n\t\t\t<div class=\"elementor-widget-wrap elementor-element-populated\">\n\t\t\t\t\t\t<div class=\"elementor-element elementor-element-970d066 scheme_default sc_fly_static elementor-widget elementor-widget-trx_sc_button\" data-id=\"970d066\" data-element_type=\"widget\" data-e-type=\"widget\" id=\"amazon\" data-widget_type=\"trx_sc_button.default\">\n\t\t\t\t<div class=\"elementor-widget-container\">\n\t\t\t\t\t<div id=\"amazon_sc\"\tclass=\"sc_item_button sc_button_wrap sc_align_center\" ><a href=\"https:\/\/www.amazon.fr\/gp\/product\/B0FKC2HQWM\/ref=cx_skuctr_share?smid=A315U6G8844OJA\" class=\"sc_button sc_button_hover sc_button_size_normal sc_button_with_image sc_button_icon_left color_style_link3\" ><span class=\"sc_button_icon\"><img fetchpriority=\"high\" decoding=\"async\" class=\"sc_icon_as_image\" src=\"\/\/chamiboy.com\/wp-content\/uploads\/2025\/04\/icons8-amazone-500-410x410.png\" alt=\"Icon\" width=\"410\" height=\"410\"><\/span><span class=\"sc_button_text\"><span class=\"sc_button_title\">Buy on Amazon<\/span><\/span><\/a><\/div>\t\t\t\t<\/div>\n\t\t\t\t<\/div>\n\t\t\t\t\t<\/div>\n\t\t<\/div>\n\t\t\t\t<div class=\"elementor-column elementor-col-50 elementor-inner-column elementor-element elementor-element-9507dbc sc_content_align_inherit sc_layouts_column_icons_position_left sc_fly_static\" data-id=\"9507dbc\" data-element_type=\"column\" data-e-type=\"column\">\n\t\t\t<div class=\"elementor-widget-wrap elementor-element-populated\">\n\t\t\t\t\t\t<div class=\"elementor-element elementor-element-cb8607e scheme_default sc_fly_static elementor-widget elementor-widget-trx_sc_button\" data-id=\"cb8607e\" data-element_type=\"widget\" data-e-type=\"widget\" data-widget_type=\"trx_sc_button.default\">\n\t\t\t\t<div class=\"elementor-widget-container\">\n\t\t\t\t\t<div\tclass=\"sc_item_button sc_button_wrap sc_align_center\" ><a href=\"https:\/\/chamiboy.com\/en\/revendeurs\/\" class=\"sc_button sc_button_hover sc_button_size_normal sc_button_with_image sc_button_icon_left\" ><span class=\"sc_button_icon\"><img decoding=\"async\" class=\"sc_icon_as_image\" src=\"\/\/chamiboy.com\/wp-content\/uploads\/2025\/04\/store-location-icon-410x410.png\" alt=\"Icon\" width=\"410\" height=\"410\"><\/span><span class=\"sc_button_text\"><span class=\"sc_button_title\">Find a store<\/span><\/span><\/a><\/div>\t\t\t\t<\/div>\n\t\t\t\t<\/div>\n\t\t\t\t\t<\/div>\n\t\t<\/div>\n\t\t\t\t\t<\/div>\n\t\t<\/section>\n\t\t\t\t<section class=\"elementor-section elementor-inner-section elementor-element elementor-element-d582df0 elementor-section-boxed elementor-section-height-default elementor-section-height-default sc_fly_static\" data-id=\"d582df0\" data-element_type=\"section\" data-e-type=\"section\">\n\t\t\t\t\t\t<div class=\"elementor-container elementor-column-gap-extended\">\n\t\t\t\t\t<div class=\"elementor-column elementor-col-100 elementor-inner-column elementor-element elementor-element-b1ac195 sc_content_align_inherit sc_layouts_column_icons_position_left sc_fly_static\" data-id=\"b1ac195\" data-element_type=\"column\" data-e-type=\"column\">\n\t\t\t<div class=\"elementor-widget-wrap elementor-element-populated\">\n\t\t\t\t\t\t<div class=\"elementor-element elementor-element-f971e61 scheme_default sc_fly_static elementor-widget elementor-widget-trx_sc_button\" data-id=\"f971e61\" data-element_type=\"widget\" data-e-type=\"widget\" data-widget_type=\"trx_sc_button.default\">\n\t\t\t\t<div class=\"elementor-widget-container\">\n\t\t\t\t\t<div\tclass=\"sc_item_button sc_button_wrap sc_align_center\" ><a href=\"https:\/\/chamiboy.com\/en\/revendeurs\/\" class=\"sc_button sc_button_hover sc_button_size_normal sc_button_with_image sc_button_icon_left\" ><span class=\"sc_button_icon\"><img decoding=\"async\" class=\"sc_icon_as_image\" src=\"\/\/chamiboy.com\/wp-content\/uploads\/2025\/04\/store-location-icon-410x410.png\" alt=\"Icon\" width=\"410\" height=\"410\"><\/span><span class=\"sc_button_text\"><span class=\"sc_button_title\">Find a store<\/span><\/span><\/a><\/div>\t\t\t\t<\/div>\n\t\t\t\t<\/div>\n\t\t\t\t\t<\/div>\n\t\t<\/div>\n\t\t\t\t\t<\/div>\n\t\t<\/section>\n\t\t\t\t\t<\/div>\n\t\t<\/div>\n\t\t\t\t\t<\/div>\n\t\t<\/section>\n\t\t\t\t<\/div>","protected":false},"excerpt":{"rendered":"<p>Ultra-strong and fully foldable, this 20-liter bucket with ergonomic handle is perfect for washing down, carrying water or any on-board equipment. Lightweight and compact when folded, it's a smart storage essential.<\/p>","protected":false},"featured_media":20539,"comment_status":"closed","ping_status":"closed","template":"","meta":[],"product_brand":[],"product_cat":[184],"product_tag":[],"class_list":{"0":"post-20537","1":"product","2":"type-product","3":"status-publish","4":"has-post-thumbnail","6":"product_cat-accessoires","8":"first","9":"instock","10":"shipping-taxable","11":"product-type-simple"},"yoast_head":"<!-- This site is optimized with the Yoast SEO plugin v27.4 - https:\/\/yoast.com\/product\/yoast-seo-wordpress\/ -->\n<title>Bucket - Chamiboy<\/title>\n<meta name=\"description\" content=\"D\u00e9couvrez le seau pliable 20L de Chamiboy : ultra-r\u00e9sistant, compact et id\u00e9al pour le wash down ou le transport d\u2019eau. L\u00e9ger et ergonomique, il optimise votre rangement \u00e0 bord.\" \/>\n<meta name=\"robots\" content=\"index, follow, max-snippet:-1, max-image-preview:large, max-video-preview:-1\" \/>\n<link rel=\"canonical\" href=\"https:\/\/chamiboy.com\/en\/product\/bucket\/\" \/>\n<meta property=\"og:locale\" content=\"en_US\" \/>\n<meta property=\"og:type\" content=\"article\" \/>\n<meta property=\"og:title\" content=\"Bucket - Chamiboy\" \/>\n<meta property=\"og:description\" content=\"D\u00e9couvrez le seau pliable 20L de Chamiboy : ultra-r\u00e9sistant, compact et id\u00e9al pour le wash down ou le transport d\u2019eau. L\u00e9ger et ergonomique, il optimise votre rangement \u00e0 bord.\" \/>\n<meta property=\"og:url\" content=\"https:\/\/chamiboy.com\/en\/product\/bucket\/\" \/>\n<meta property=\"og:site_name\" content=\"Chamiboy\" \/>\n<meta property=\"article:modified_time\" content=\"2026-02-02T12:59:20+00:00\" \/>\n<meta property=\"og:image\" content=\"https:\/\/chamiboy.com\/wp-content\/uploads\/2025\/04\/seau-pliable-02.webp\" \/>\n\t<meta property=\"og:image:width\" content=\"2000\" \/>\n\t<meta property=\"og:image:height\" content=\"2000\" \/>\n\t<meta property=\"og:image:type\" content=\"image\/webp\" \/>\n<meta name=\"twitter:card\" content=\"summary_large_image\" \/>\n<meta name=\"twitter:label1\" content=\"Est. reading time\" \/>\n\t<meta name=\"twitter:data1\" content=\"1 minute\" \/>\n<script type=\"application\/ld+json\" class=\"yoast-schema-graph\">{\"@context\":\"https:\\\/\\\/schema.org\",\"@graph\":[{\"@type\":\"WebPage\",\"@id\":\"https:\\\/\\\/chamiboy.com\\\/product\\\/bucket\\\/\",\"url\":\"https:\\\/\\\/chamiboy.com\\\/product\\\/bucket\\\/\",\"name\":\"Bucket - Chamiboy\",\"isPartOf\":{\"@id\":\"https:\\\/\\\/chamiboy.com\\\/#website\"},\"primaryImageOfPage\":{\"@id\":\"https:\\\/\\\/chamiboy.com\\\/product\\\/bucket\\\/#primaryimage\"},\"image\":{\"@id\":\"https:\\\/\\\/chamiboy.com\\\/product\\\/bucket\\\/#primaryimage\"},\"thumbnailUrl\":\"https:\\\/\\\/chamiboy.com\\\/wp-content\\\/uploads\\\/2025\\\/04\\\/seau-pliable-02.webp\",\"datePublished\":\"2025-04-03T16:10:39+00:00\",\"dateModified\":\"2026-02-02T12:59:20+00:00\",\"description\":\"D\u00e9couvrez le seau pliable 20L de Chamiboy : ultra-r\u00e9sistant, compact et id\u00e9al pour le wash down ou le transport d\u2019eau. L\u00e9ger et ergonomique, il optimise votre rangement \u00e0 bord.\",\"breadcrumb\":{\"@id\":\"https:\\\/\\\/chamiboy.com\\\/product\\\/bucket\\\/#breadcrumb\"},\"inLanguage\":\"en-US\",\"potentialAction\":[{\"@type\":\"ReadAction\",\"target\":[\"https:\\\/\\\/chamiboy.com\\\/product\\\/bucket\\\/\"]}]},{\"@type\":\"ImageObject\",\"inLanguage\":\"en-US\",\"@id\":\"https:\\\/\\\/chamiboy.com\\\/product\\\/bucket\\\/#primaryimage\",\"url\":\"https:\\\/\\\/chamiboy.com\\\/wp-content\\\/uploads\\\/2025\\\/04\\\/seau-pliable-02.webp\",\"contentUrl\":\"https:\\\/\\\/chamiboy.com\\\/wp-content\\\/uploads\\\/2025\\\/04\\\/seau-pliable-02.webp\",\"width\":2000,\"height\":2000},{\"@type\":\"BreadcrumbList\",\"@id\":\"https:\\\/\\\/chamiboy.com\\\/product\\\/bucket\\\/#breadcrumb\",\"itemListElement\":[{\"@type\":\"ListItem\",\"position\":1,\"name\":\"Accueil\",\"item\":\"https:\\\/\\\/chamiboy.com\\\/\"},{\"@type\":\"ListItem\",\"position\":2,\"name\":\"Shop\",\"item\":\"https:\\\/\\\/chamiboy.com\\\/shop\\\/\"},{\"@type\":\"ListItem\",\"position\":3,\"name\":\"Bucket\"}]},{\"@type\":\"WebSite\",\"@id\":\"https:\\\/\\\/chamiboy.com\\\/#website\",\"url\":\"https:\\\/\\\/chamiboy.com\\\/\",\"name\":\"Chamiboy\",\"description\":\"Build to last\",\"publisher\":{\"@id\":\"https:\\\/\\\/chamiboy.com\\\/#organization\"},\"potentialAction\":[{\"@type\":\"SearchAction\",\"target\":{\"@type\":\"EntryPoint\",\"urlTemplate\":\"https:\\\/\\\/chamiboy.com\\\/?s={search_term_string}\"},\"query-input\":{\"@type\":\"PropertyValueSpecification\",\"valueRequired\":true,\"valueName\":\"search_term_string\"}}],\"inLanguage\":\"en-US\"},{\"@type\":\"Organization\",\"@id\":\"https:\\\/\\\/chamiboy.com\\\/#organization\",\"name\":\"Chamiboy\",\"url\":\"https:\\\/\\\/chamiboy.com\\\/\",\"logo\":{\"@type\":\"ImageObject\",\"inLanguage\":\"en-US\",\"@id\":\"https:\\\/\\\/chamiboy.com\\\/#\\\/schema\\\/logo\\\/image\\\/\",\"url\":\"https:\\\/\\\/chamiboy.com\\\/wp-content\\\/uploads\\\/2021\\\/07\\\/logo-small.webp\",\"contentUrl\":\"https:\\\/\\\/chamiboy.com\\\/wp-content\\\/uploads\\\/2021\\\/07\\\/logo-small.webp\",\"width\":500,\"height\":106,\"caption\":\"Chamiboy\"},\"image\":{\"@id\":\"https:\\\/\\\/chamiboy.com\\\/#\\\/schema\\\/logo\\\/image\\\/\"},\"sameAs\":[\"https:\\\/\\\/www.instagram.com\\\/chamiboycarbon\"]}]}<\/script>\n<!-- \/ Yoast SEO plugin. -->","yoast_head_json":{"title":"Bucket - Chamiboy","description":"D\u00e9couvrez le seau pliable 20L de Chamiboy : ultra-r\u00e9sistant, compact et id\u00e9al pour le wash down ou le transport d\u2019eau. L\u00e9ger et ergonomique, il optimise votre rangement \u00e0 bord.","robots":{"index":"index","follow":"follow","max-snippet":"max-snippet:-1","max-image-preview":"max-image-preview:large","max-video-preview":"max-video-preview:-1"},"canonical":"https:\/\/chamiboy.com\/en\/product\/bucket\/","og_locale":"en_US","og_type":"article","og_title":"Bucket - Chamiboy","og_description":"D\u00e9couvrez le seau pliable 20L de Chamiboy : ultra-r\u00e9sistant, compact et id\u00e9al pour le wash down ou le transport d\u2019eau. L\u00e9ger et ergonomique, il optimise votre rangement \u00e0 bord.","og_url":"https:\/\/chamiboy.com\/en\/product\/bucket\/","og_site_name":"Chamiboy","article_modified_time":"2026-02-02T12:59:20+00:00","og_image":[{"width":2000,"height":2000,"url":"https:\/\/chamiboy.com\/wp-content\/uploads\/2025\/04\/seau-pliable-02.webp","type":"image\/webp"}],"twitter_card":"summary_large_image","twitter_misc":{"Est. reading time":"1 minute"},"schema":{"@context":"https:\/\/schema.org","@graph":[{"@type":"WebPage","@id":"https:\/\/chamiboy.com\/product\/bucket\/","url":"https:\/\/chamiboy.com\/product\/bucket\/","name":"Bucket - Chamiboy","isPartOf":{"@id":"https:\/\/chamiboy.com\/#website"},"primaryImageOfPage":{"@id":"https:\/\/chamiboy.com\/product\/bucket\/#primaryimage"},"image":{"@id":"https:\/\/chamiboy.com\/product\/bucket\/#primaryimage"},"thumbnailUrl":"https:\/\/chamiboy.com\/wp-content\/uploads\/2025\/04\/seau-pliable-02.webp","datePublished":"2025-04-03T16:10:39+00:00","dateModified":"2026-02-02T12:59:20+00:00","description":"D\u00e9couvrez le seau pliable 20L de Chamiboy : ultra-r\u00e9sistant, compact et id\u00e9al pour le wash down ou le transport d\u2019eau. L\u00e9ger et ergonomique, il optimise votre rangement \u00e0 bord.","breadcrumb":{"@id":"https:\/\/chamiboy.com\/product\/bucket\/#breadcrumb"},"inLanguage":"en-US","potentialAction":[{"@type":"ReadAction","target":["https:\/\/chamiboy.com\/product\/bucket\/"]}]},{"@type":"ImageObject","inLanguage":"en-US","@id":"https:\/\/chamiboy.com\/product\/bucket\/#primaryimage","url":"https:\/\/chamiboy.com\/wp-content\/uploads\/2025\/04\/seau-pliable-02.webp","contentUrl":"https:\/\/chamiboy.com\/wp-content\/uploads\/2025\/04\/seau-pliable-02.webp","width":2000,"height":2000},{"@type":"BreadcrumbList","@id":"https:\/\/chamiboy.com\/product\/bucket\/#breadcrumb","itemListElement":[{"@type":"ListItem","position":1,"name":"Accueil","item":"https:\/\/chamiboy.com\/"},{"@type":"ListItem","position":2,"name":"Shop","item":"https:\/\/chamiboy.com\/shop\/"},{"@type":"ListItem","position":3,"name":"Bucket"}]},{"@type":"WebSite","@id":"https:\/\/chamiboy.com\/#website","url":"https:\/\/chamiboy.com\/","name":"Chamiboy","description":"Build to last","publisher":{"@id":"https:\/\/chamiboy.com\/#organization"},"potentialAction":[{"@type":"SearchAction","target":{"@type":"EntryPoint","urlTemplate":"https:\/\/chamiboy.com\/?s={search_term_string}"},"query-input":{"@type":"PropertyValueSpecification","valueRequired":true,"valueName":"search_term_string"}}],"inLanguage":"en-US"},{"@type":"Organization","@id":"https:\/\/chamiboy.com\/#organization","name":"Chamiboy","url":"https:\/\/chamiboy.com\/","logo":{"@type":"ImageObject","inLanguage":"en-US","@id":"https:\/\/chamiboy.com\/#\/schema\/logo\/image\/","url":"https:\/\/chamiboy.com\/wp-content\/uploads\/2021\/07\/logo-small.webp","contentUrl":"https:\/\/chamiboy.com\/wp-content\/uploads\/2021\/07\/logo-small.webp","width":500,"height":106,"caption":"Chamiboy"},"image":{"@id":"https:\/\/chamiboy.com\/#\/schema\/logo\/image\/"},"sameAs":["https:\/\/www.instagram.com\/chamiboycarbon"]}]}},"_links":{"self":[{"href":"https:\/\/chamiboy.com\/en\/wp-json\/wp\/v2\/product\/20537","targetHints":{"allow":["GET"]}}],"collection":[{"href":"https:\/\/chamiboy.com\/en\/wp-json\/wp\/v2\/product"}],"about":[{"href":"https:\/\/chamiboy.com\/en\/wp-json\/wp\/v2\/types\/product"}],"replies":[{"embeddable":true,"href":"https:\/\/chamiboy.com\/en\/wp-json\/wp\/v2\/comments?post=20537"}],"version-history":[{"count":20,"href":"https:\/\/chamiboy.com\/en\/wp-json\/wp\/v2\/product\/20537\/revisions"}],"predecessor-version":[{"id":20839,"href":"https:\/\/chamiboy.com\/en\/wp-json\/wp\/v2\/product\/20537\/revisions\/20839"}],"wp:featuredmedia":[{"embeddable":true,"href":"https:\/\/chamiboy.com\/en\/wp-json\/wp\/v2\/media\/20539"}],"wp:attachment":[{"href":"https:\/\/chamiboy.com\/en\/wp-json\/wp\/v2\/media?parent=20537"}],"wp:term":[{"taxonomy":"product_brand","embeddable":true,"href":"https:\/\/chamiboy.com\/en\/wp-json\/wp\/v2\/product_brand?post=20537"},{"taxonomy":"product_cat","embeddable":true,"href":"https:\/\/chamiboy.com\/en\/wp-json\/wp\/v2\/product_cat?post=20537"},{"taxonomy":"product_tag","embeddable":true,"href":"https:\/\/chamiboy.com\/en\/wp-json\/wp\/v2\/product_tag?post=20537"}],"curies":[{"name":"wp","href":"https:\/\/api.w.org\/{rel}","templated":true}]}}