{"id":20532,"date":"2025-04-03T16:02:36","date_gmt":"2025-04-03T16:02:36","guid":{"rendered":"https:\/\/chamiboy.com\/?post_type=product&#038;p=20532"},"modified":"2026-02-02T12:57:27","modified_gmt":"2026-02-02T12:57:27","slug":"pad-base","status":"publish","type":"product","link":"https:\/\/chamiboy.com\/en\/product\/pad-base\/","title":{"rendered":"Pad Base"},"content":{"rendered":"<div data-elementor-type=\"wp-post\" data-elementor-id=\"20532\" class=\"elementor elementor-20532\">\n\t\t\t\t\t\t<section class=\"elementor-section elementor-top-section elementor-element elementor-element-edd6121 elementor-section-full_width elementor-section-height-default elementor-section-height-default sc_fly_static\" data-id=\"edd6121\" data-element_type=\"section\" data-e-type=\"section\" data-settings=\"{&quot;background_background&quot;:&quot;classic&quot;}\">\n\t\t\t\t\t\t<div class=\"elementor-container elementor-column-gap-extended\">\n\t\t\t\t\t<div class=\"elementor-column elementor-col-100 elementor-top-column elementor-element elementor-element-36c5223 sc_content_align_inherit sc_layouts_column_icons_position_left sc_fly_static\" data-id=\"36c5223\" data-element_type=\"column\" data-e-type=\"column\">\n\t\t\t<div class=\"elementor-widget-wrap elementor-element-populated\">\n\t\t\t\t\t\t<section class=\"elementor-section elementor-inner-section elementor-element elementor-element-d71e354 sc_layouts_hide_on_wide sc_layouts_hide_on_desktop sc_layouts_hide_on_notebook sc_layouts_hide_on_tablet sc_layouts_hide_on_mobile elementor-section-boxed elementor-section-height-default elementor-section-height-default sc_fly_static\" data-id=\"d71e354\" data-element_type=\"section\" data-e-type=\"section\">\n\t\t\t\t\t\t<div class=\"elementor-container elementor-column-gap-extended\">\n\t\t\t\t\t<div class=\"elementor-column elementor-col-50 elementor-inner-column elementor-element elementor-element-37b2031 sc_content_align_inherit sc_layouts_column_icons_position_left sc_fly_static\" data-id=\"37b2031\" data-element_type=\"column\" data-e-type=\"column\">\n\t\t\t<div class=\"elementor-widget-wrap elementor-element-populated\">\n\t\t\t\t\t\t<div class=\"elementor-element elementor-element-68e963d scheme_default sc_fly_static elementor-widget elementor-widget-trx_sc_button\" data-id=\"68e963d\" data-element_type=\"widget\" data-e-type=\"widget\" id=\"amazon\" data-widget_type=\"trx_sc_button.default\">\n\t\t\t\t<div class=\"elementor-widget-container\">\n\t\t\t\t\t<div id=\"amazon_sc\"\tclass=\"sc_item_button sc_button_wrap sc_align_center\" ><a href=\"https:\/\/www.amazon.fr\/dp\/B0FFT1QTYP?ref=cm_sw_r_cso_wa_apin_dp_58CHV3TTXZQXDFZR25JT&#038;ref_=cm_sw_r_cso_wa_apin_dp_58CHV3TTXZQXDFZR25JT&#038;social_share=cm_sw_r_cso_wa_apin_dp_58CHV3TTXZQXDFZR25JT\" class=\"sc_button sc_button_hover sc_button_size_normal sc_button_with_image sc_button_icon_left color_style_link3\" ><span class=\"sc_button_icon\"><img fetchpriority=\"high\" decoding=\"async\" class=\"sc_icon_as_image\" src=\"\/\/chamiboy.com\/wp-content\/uploads\/2025\/04\/icons8-amazone-500-410x410.png\" alt=\"Icon\" width=\"410\" height=\"410\"><\/span><span class=\"sc_button_text\"><span class=\"sc_button_title\">Buy on Amazon<\/span><\/span><\/a><\/div>\t\t\t\t<\/div>\n\t\t\t\t<\/div>\n\t\t\t\t\t<\/div>\n\t\t<\/div>\n\t\t\t\t<div class=\"elementor-column elementor-col-50 elementor-inner-column elementor-element elementor-element-7ecf099 sc_content_align_inherit sc_layouts_column_icons_position_left sc_fly_static\" data-id=\"7ecf099\" data-element_type=\"column\" data-e-type=\"column\">\n\t\t\t<div class=\"elementor-widget-wrap elementor-element-populated\">\n\t\t\t\t\t\t<div class=\"elementor-element elementor-element-2b026f3 scheme_default sc_fly_static elementor-widget elementor-widget-trx_sc_button\" data-id=\"2b026f3\" data-element_type=\"widget\" data-e-type=\"widget\" data-widget_type=\"trx_sc_button.default\">\n\t\t\t\t<div class=\"elementor-widget-container\">\n\t\t\t\t\t<div\tclass=\"sc_item_button sc_button_wrap sc_align_center\" ><a href=\"https:\/\/chamiboy.com\/en\/revendeurs\/\" class=\"sc_button sc_button_hover sc_button_size_normal sc_button_with_image sc_button_icon_left\" ><span class=\"sc_button_icon\"><img decoding=\"async\" class=\"sc_icon_as_image\" src=\"\/\/chamiboy.com\/wp-content\/uploads\/2025\/04\/store-location-icon-410x410.png\" alt=\"Icon\" width=\"410\" height=\"410\"><\/span><span class=\"sc_button_text\"><span class=\"sc_button_title\">Find a store<\/span><\/span><\/a><\/div>\t\t\t\t<\/div>\n\t\t\t\t<\/div>\n\t\t\t\t\t<\/div>\n\t\t<\/div>\n\t\t\t\t\t<\/div>\n\t\t<\/section>\n\t\t\t\t<section class=\"elementor-section elementor-inner-section elementor-element elementor-element-afcbc07 elementor-section-boxed elementor-section-height-default elementor-section-height-default sc_fly_static\" data-id=\"afcbc07\" data-element_type=\"section\" data-e-type=\"section\">\n\t\t\t\t\t\t<div class=\"elementor-container elementor-column-gap-extended\">\n\t\t\t\t\t<div class=\"elementor-column elementor-col-100 elementor-inner-column elementor-element elementor-element-7bbc2e7 sc_content_align_inherit sc_layouts_column_icons_position_left sc_fly_static\" data-id=\"7bbc2e7\" data-element_type=\"column\" data-e-type=\"column\">\n\t\t\t<div class=\"elementor-widget-wrap elementor-element-populated\">\n\t\t\t\t\t\t<div class=\"elementor-element elementor-element-7cbbc71 scheme_default sc_fly_static elementor-widget elementor-widget-trx_sc_button\" data-id=\"7cbbc71\" data-element_type=\"widget\" data-e-type=\"widget\" data-widget_type=\"trx_sc_button.default\">\n\t\t\t\t<div class=\"elementor-widget-container\">\n\t\t\t\t\t<div\tclass=\"sc_item_button sc_button_wrap sc_align_center\" ><a href=\"https:\/\/chamiboy.com\/en\/revendeurs\/\" class=\"sc_button sc_button_hover sc_button_size_normal sc_button_with_image sc_button_icon_left\" ><span class=\"sc_button_icon\"><img decoding=\"async\" class=\"sc_icon_as_image\" src=\"\/\/chamiboy.com\/wp-content\/uploads\/2025\/04\/store-location-icon-410x410.png\" alt=\"Icon\" width=\"410\" height=\"410\"><\/span><span class=\"sc_button_text\"><span class=\"sc_button_title\">Find a store<\/span><\/span><\/a><\/div>\t\t\t\t<\/div>\n\t\t\t\t<\/div>\n\t\t\t\t\t<\/div>\n\t\t<\/div>\n\t\t\t\t\t<\/div>\n\t\t<\/section>\n\t\t\t\t\t<\/div>\n\t\t<\/div>\n\t\t\t\t\t<\/div>\n\t\t<\/section>\n\t\t\t\t<\/div>","protected":false},"excerpt":{"rendered":"<p>The reinforced Pad Base is designed to hold your scrapers firmly in place thanks to its integrated hook system. No more dropping tools while cleaning teak. Strong, reliable and compatible with our carbon handles, it ensures a perfect hold.<\/p>","protected":false},"featured_media":20533,"comment_status":"closed","ping_status":"closed","template":"","meta":[],"product_brand":[],"product_cat":[184],"product_tag":[],"class_list":{"0":"post-20532","1":"product","2":"type-product","3":"status-publish","4":"has-post-thumbnail","6":"product_cat-accessoires","8":"first","9":"instock","10":"shipping-taxable","11":"product-type-simple"},"yoast_head":"<!-- This site is optimized with the Yoast SEO plugin v27.4 - https:\/\/yoast.com\/product\/yoast-seo-wordpress\/ -->\n<title>Pad Base - Chamiboy<\/title>\n<meta name=\"description\" content=\"D\u00e9couvrez le Pad Base renforc\u00e9 de Chamiboy : fixation ultra-s\u00e9curis\u00e9e pour vos grattoirs, fini les chutes pendant le nettoyage du teck. Solide, fiable et compatible avec nos manches carbone.\" \/>\n<meta name=\"robots\" content=\"index, follow, max-snippet:-1, max-image-preview:large, max-video-preview:-1\" \/>\n<link rel=\"canonical\" href=\"https:\/\/chamiboy.com\/en\/product\/pad-base\/\" \/>\n<meta property=\"og:locale\" content=\"en_US\" \/>\n<meta property=\"og:type\" content=\"article\" \/>\n<meta property=\"og:title\" content=\"Pad Base - Chamiboy\" \/>\n<meta property=\"og:description\" content=\"D\u00e9couvrez le Pad Base renforc\u00e9 de Chamiboy : fixation ultra-s\u00e9curis\u00e9e pour vos grattoirs, fini les chutes pendant le nettoyage du teck. Solide, fiable et compatible avec nos manches carbone.\" \/>\n<meta property=\"og:url\" content=\"https:\/\/chamiboy.com\/en\/product\/pad-base\/\" \/>\n<meta property=\"og:site_name\" content=\"Chamiboy\" \/>\n<meta property=\"article:modified_time\" content=\"2026-02-02T12:57:27+00:00\" \/>\n<meta property=\"og:image\" content=\"https:\/\/chamiboy.com\/wp-content\/uploads\/2025\/04\/pad-base-01.webp\" \/>\n\t<meta property=\"og:image:width\" content=\"2000\" \/>\n\t<meta property=\"og:image:height\" content=\"2000\" \/>\n\t<meta property=\"og:image:type\" content=\"image\/webp\" \/>\n<meta name=\"twitter:card\" content=\"summary_large_image\" \/>\n<meta name=\"twitter:label1\" content=\"Est. reading time\" \/>\n\t<meta name=\"twitter:data1\" content=\"1 minute\" \/>\n<script type=\"application\/ld+json\" class=\"yoast-schema-graph\">{\"@context\":\"https:\\\/\\\/schema.org\",\"@graph\":[{\"@type\":\"WebPage\",\"@id\":\"https:\\\/\\\/chamiboy.com\\\/product\\\/pad-base\\\/\",\"url\":\"https:\\\/\\\/chamiboy.com\\\/product\\\/pad-base\\\/\",\"name\":\"Pad Base - Chamiboy\",\"isPartOf\":{\"@id\":\"https:\\\/\\\/chamiboy.com\\\/#website\"},\"primaryImageOfPage\":{\"@id\":\"https:\\\/\\\/chamiboy.com\\\/product\\\/pad-base\\\/#primaryimage\"},\"image\":{\"@id\":\"https:\\\/\\\/chamiboy.com\\\/product\\\/pad-base\\\/#primaryimage\"},\"thumbnailUrl\":\"https:\\\/\\\/chamiboy.com\\\/wp-content\\\/uploads\\\/2025\\\/04\\\/pad-base-01.webp\",\"datePublished\":\"2025-04-03T16:02:36+00:00\",\"dateModified\":\"2026-02-02T12:57:27+00:00\",\"description\":\"D\u00e9couvrez le Pad Base renforc\u00e9 de Chamiboy : fixation ultra-s\u00e9curis\u00e9e pour vos grattoirs, fini les chutes pendant le nettoyage du teck. Solide, fiable et compatible avec nos manches carbone.\",\"breadcrumb\":{\"@id\":\"https:\\\/\\\/chamiboy.com\\\/product\\\/pad-base\\\/#breadcrumb\"},\"inLanguage\":\"en-US\",\"potentialAction\":[{\"@type\":\"ReadAction\",\"target\":[\"https:\\\/\\\/chamiboy.com\\\/product\\\/pad-base\\\/\"]}]},{\"@type\":\"ImageObject\",\"inLanguage\":\"en-US\",\"@id\":\"https:\\\/\\\/chamiboy.com\\\/product\\\/pad-base\\\/#primaryimage\",\"url\":\"https:\\\/\\\/chamiboy.com\\\/wp-content\\\/uploads\\\/2025\\\/04\\\/pad-base-01.webp\",\"contentUrl\":\"https:\\\/\\\/chamiboy.com\\\/wp-content\\\/uploads\\\/2025\\\/04\\\/pad-base-01.webp\",\"width\":2000,\"height\":2000,\"caption\":\"Photo du pad base de la marque Chamiboy\"},{\"@type\":\"BreadcrumbList\",\"@id\":\"https:\\\/\\\/chamiboy.com\\\/product\\\/pad-base\\\/#breadcrumb\",\"itemListElement\":[{\"@type\":\"ListItem\",\"position\":1,\"name\":\"Accueil\",\"item\":\"https:\\\/\\\/chamiboy.com\\\/\"},{\"@type\":\"ListItem\",\"position\":2,\"name\":\"Shop\",\"item\":\"https:\\\/\\\/chamiboy.com\\\/shop\\\/\"},{\"@type\":\"ListItem\",\"position\":3,\"name\":\"Pad Base\"}]},{\"@type\":\"WebSite\",\"@id\":\"https:\\\/\\\/chamiboy.com\\\/#website\",\"url\":\"https:\\\/\\\/chamiboy.com\\\/\",\"name\":\"Chamiboy\",\"description\":\"Build to last\",\"publisher\":{\"@id\":\"https:\\\/\\\/chamiboy.com\\\/#organization\"},\"potentialAction\":[{\"@type\":\"SearchAction\",\"target\":{\"@type\":\"EntryPoint\",\"urlTemplate\":\"https:\\\/\\\/chamiboy.com\\\/?s={search_term_string}\"},\"query-input\":{\"@type\":\"PropertyValueSpecification\",\"valueRequired\":true,\"valueName\":\"search_term_string\"}}],\"inLanguage\":\"en-US\"},{\"@type\":\"Organization\",\"@id\":\"https:\\\/\\\/chamiboy.com\\\/#organization\",\"name\":\"Chamiboy\",\"url\":\"https:\\\/\\\/chamiboy.com\\\/\",\"logo\":{\"@type\":\"ImageObject\",\"inLanguage\":\"en-US\",\"@id\":\"https:\\\/\\\/chamiboy.com\\\/#\\\/schema\\\/logo\\\/image\\\/\",\"url\":\"https:\\\/\\\/chamiboy.com\\\/wp-content\\\/uploads\\\/2021\\\/07\\\/logo-small.webp\",\"contentUrl\":\"https:\\\/\\\/chamiboy.com\\\/wp-content\\\/uploads\\\/2021\\\/07\\\/logo-small.webp\",\"width\":500,\"height\":106,\"caption\":\"Chamiboy\"},\"image\":{\"@id\":\"https:\\\/\\\/chamiboy.com\\\/#\\\/schema\\\/logo\\\/image\\\/\"},\"sameAs\":[\"https:\\\/\\\/www.instagram.com\\\/chamiboycarbon\"]}]}<\/script>\n<!-- \/ Yoast SEO plugin. -->","yoast_head_json":{"title":"Pad Base - Chamiboy","description":"D\u00e9couvrez le Pad Base renforc\u00e9 de Chamiboy : fixation ultra-s\u00e9curis\u00e9e pour vos grattoirs, fini les chutes pendant le nettoyage du teck. Solide, fiable et compatible avec nos manches carbone.","robots":{"index":"index","follow":"follow","max-snippet":"max-snippet:-1","max-image-preview":"max-image-preview:large","max-video-preview":"max-video-preview:-1"},"canonical":"https:\/\/chamiboy.com\/en\/product\/pad-base\/","og_locale":"en_US","og_type":"article","og_title":"Pad Base - Chamiboy","og_description":"D\u00e9couvrez le Pad Base renforc\u00e9 de Chamiboy : fixation ultra-s\u00e9curis\u00e9e pour vos grattoirs, fini les chutes pendant le nettoyage du teck. Solide, fiable et compatible avec nos manches carbone.","og_url":"https:\/\/chamiboy.com\/en\/product\/pad-base\/","og_site_name":"Chamiboy","article_modified_time":"2026-02-02T12:57:27+00:00","og_image":[{"width":2000,"height":2000,"url":"https:\/\/chamiboy.com\/wp-content\/uploads\/2025\/04\/pad-base-01.webp","type":"image\/webp"}],"twitter_card":"summary_large_image","twitter_misc":{"Est. reading time":"1 minute"},"schema":{"@context":"https:\/\/schema.org","@graph":[{"@type":"WebPage","@id":"https:\/\/chamiboy.com\/product\/pad-base\/","url":"https:\/\/chamiboy.com\/product\/pad-base\/","name":"Pad Base - Chamiboy","isPartOf":{"@id":"https:\/\/chamiboy.com\/#website"},"primaryImageOfPage":{"@id":"https:\/\/chamiboy.com\/product\/pad-base\/#primaryimage"},"image":{"@id":"https:\/\/chamiboy.com\/product\/pad-base\/#primaryimage"},"thumbnailUrl":"https:\/\/chamiboy.com\/wp-content\/uploads\/2025\/04\/pad-base-01.webp","datePublished":"2025-04-03T16:02:36+00:00","dateModified":"2026-02-02T12:57:27+00:00","description":"D\u00e9couvrez le Pad Base renforc\u00e9 de Chamiboy : fixation ultra-s\u00e9curis\u00e9e pour vos grattoirs, fini les chutes pendant le nettoyage du teck. Solide, fiable et compatible avec nos manches carbone.","breadcrumb":{"@id":"https:\/\/chamiboy.com\/product\/pad-base\/#breadcrumb"},"inLanguage":"en-US","potentialAction":[{"@type":"ReadAction","target":["https:\/\/chamiboy.com\/product\/pad-base\/"]}]},{"@type":"ImageObject","inLanguage":"en-US","@id":"https:\/\/chamiboy.com\/product\/pad-base\/#primaryimage","url":"https:\/\/chamiboy.com\/wp-content\/uploads\/2025\/04\/pad-base-01.webp","contentUrl":"https:\/\/chamiboy.com\/wp-content\/uploads\/2025\/04\/pad-base-01.webp","width":2000,"height":2000,"caption":"Photo du pad base de la marque Chamiboy"},{"@type":"BreadcrumbList","@id":"https:\/\/chamiboy.com\/product\/pad-base\/#breadcrumb","itemListElement":[{"@type":"ListItem","position":1,"name":"Accueil","item":"https:\/\/chamiboy.com\/"},{"@type":"ListItem","position":2,"name":"Shop","item":"https:\/\/chamiboy.com\/shop\/"},{"@type":"ListItem","position":3,"name":"Pad Base"}]},{"@type":"WebSite","@id":"https:\/\/chamiboy.com\/#website","url":"https:\/\/chamiboy.com\/","name":"Chamiboy","description":"Build to last","publisher":{"@id":"https:\/\/chamiboy.com\/#organization"},"potentialAction":[{"@type":"SearchAction","target":{"@type":"EntryPoint","urlTemplate":"https:\/\/chamiboy.com\/?s={search_term_string}"},"query-input":{"@type":"PropertyValueSpecification","valueRequired":true,"valueName":"search_term_string"}}],"inLanguage":"en-US"},{"@type":"Organization","@id":"https:\/\/chamiboy.com\/#organization","name":"Chamiboy","url":"https:\/\/chamiboy.com\/","logo":{"@type":"ImageObject","inLanguage":"en-US","@id":"https:\/\/chamiboy.com\/#\/schema\/logo\/image\/","url":"https:\/\/chamiboy.com\/wp-content\/uploads\/2021\/07\/logo-small.webp","contentUrl":"https:\/\/chamiboy.com\/wp-content\/uploads\/2021\/07\/logo-small.webp","width":500,"height":106,"caption":"Chamiboy"},"image":{"@id":"https:\/\/chamiboy.com\/#\/schema\/logo\/image\/"},"sameAs":["https:\/\/www.instagram.com\/chamiboycarbon"]}]}},"_links":{"self":[{"href":"https:\/\/chamiboy.com\/en\/wp-json\/wp\/v2\/product\/20532","targetHints":{"allow":["GET"]}}],"collection":[{"href":"https:\/\/chamiboy.com\/en\/wp-json\/wp\/v2\/product"}],"about":[{"href":"https:\/\/chamiboy.com\/en\/wp-json\/wp\/v2\/types\/product"}],"replies":[{"embeddable":true,"href":"https:\/\/chamiboy.com\/en\/wp-json\/wp\/v2\/comments?post=20532"}],"version-history":[{"count":16,"href":"https:\/\/chamiboy.com\/en\/wp-json\/wp\/v2\/product\/20532\/revisions"}],"predecessor-version":[{"id":20840,"href":"https:\/\/chamiboy.com\/en\/wp-json\/wp\/v2\/product\/20532\/revisions\/20840"}],"wp:featuredmedia":[{"embeddable":true,"href":"https:\/\/chamiboy.com\/en\/wp-json\/wp\/v2\/media\/20533"}],"wp:attachment":[{"href":"https:\/\/chamiboy.com\/en\/wp-json\/wp\/v2\/media?parent=20532"}],"wp:term":[{"taxonomy":"product_brand","embeddable":true,"href":"https:\/\/chamiboy.com\/en\/wp-json\/wp\/v2\/product_brand?post=20532"},{"taxonomy":"product_cat","embeddable":true,"href":"https:\/\/chamiboy.com\/en\/wp-json\/wp\/v2\/product_cat?post=20532"},{"taxonomy":"product_tag","embeddable":true,"href":"https:\/\/chamiboy.com\/en\/wp-json\/wp\/v2\/product_tag?post=20532"}],"curies":[{"name":"wp","href":"https:\/\/api.w.org\/{rel}","templated":true}]}}