{"id":19284,"date":"2025-07-28T10:00:00","date_gmt":"2025-07-28T10:00:00","guid":{"rendered":"https:\/\/chamiboy.com\/?post_type=product&#038;p=19284"},"modified":"2026-02-02T13:02:14","modified_gmt":"2026-02-02T13:02:14","slug":"carbon-pole-large","status":"publish","type":"product","link":"https:\/\/chamiboy.com\/en\/product\/carbon-pole-large\/","title":{"rendered":"Carbon Pole &#8211; Large"},"content":{"rendered":"<div data-elementor-type=\"wp-post\" data-elementor-id=\"19284\" class=\"elementor elementor-19284\">\n\t\t\t\t\t\t<section class=\"elementor-section elementor-top-section elementor-element elementor-element-e74798b elementor-section-boxed elementor-section-height-default elementor-section-height-default sc_fly_static\" data-id=\"e74798b\" data-element_type=\"section\" data-e-type=\"section\">\n\t\t\t\t\t\t<div class=\"elementor-container elementor-column-gap-extended\">\n\t\t\t\t\t<div class=\"elementor-column elementor-col-100 elementor-top-column elementor-element elementor-element-8fc2348 sc_content_align_inherit sc_layouts_column_icons_position_left sc_fly_static\" data-id=\"8fc2348\" data-element_type=\"column\" data-e-type=\"column\">\n\t\t\t<div class=\"elementor-widget-wrap elementor-element-populated\">\n\t\t\t\t\t\t<div class=\"elementor-element elementor-element-7ab01bc sc_fly_static elementor-widget elementor-widget-text-editor\" data-id=\"7ab01bc\" data-element_type=\"widget\" data-e-type=\"widget\" data-widget_type=\"text-editor.default\">\n\t\t\t\t<div class=\"elementor-widget-container\">\n\t\t\t\t\t\t\t\t\t<p style=\"text-align:justify;\">Made from high-quality carbon, the Chamiboy Large broom combines lightness, strength, and durability. Designed by sailors for sailors in the south of France, it is crafted to meet the demanding needs of nautical maintenance.<\/p>\n\n<p style=\"text-align:justify;\">With its extended length, it is perfectly suited to reach hard-to-access areas, such as flybridge superstructures or the hulls of mega-yachts. Its ergonomic design and exceptional strength make it an essential tool for larger vessels.<\/p>\n\n<p style=\"text-align:justify;\">Compatible with all standard market accessories, the Chamiboy Large broom guarantees performance and reliability, even in the most demanding conditions.<\/p>\n\n<p style=\"text-align:justify;\">Chamiboy: Innovation for Sailing Enthusiasts.<\/p>\t\t\t\t\t\t\t\t<\/div>\n\t\t\t\t<\/div>\n\t\t\t\t\t<\/div>\n\t\t<\/div>\n\t\t\t\t\t<\/div>\n\t\t<\/section>\n\t\t\t\t<section class=\"elementor-section elementor-top-section elementor-element elementor-element-1c07447 elementor-section-full_width elementor-section-height-default elementor-section-height-default sc_fly_static\" data-id=\"1c07447\" data-element_type=\"section\" data-e-type=\"section\" data-settings=\"{&quot;background_background&quot;:&quot;classic&quot;}\">\n\t\t\t\t\t\t<div class=\"elementor-container elementor-column-gap-extended\">\n\t\t\t\t\t<div class=\"elementor-column elementor-col-100 elementor-top-column elementor-element elementor-element-25abfbe sc_content_align_inherit sc_layouts_column_icons_position_left sc_fly_static\" data-id=\"25abfbe\" data-element_type=\"column\" data-e-type=\"column\">\n\t\t\t<div class=\"elementor-widget-wrap elementor-element-populated\">\n\t\t\t\t\t\t<section class=\"elementor-section elementor-inner-section elementor-element elementor-element-4956711 sc_layouts_hide_on_wide sc_layouts_hide_on_desktop sc_layouts_hide_on_notebook sc_layouts_hide_on_tablet sc_layouts_hide_on_mobile elementor-section-boxed elementor-section-height-default elementor-section-height-default sc_fly_static\" data-id=\"4956711\" data-element_type=\"section\" data-e-type=\"section\">\n\t\t\t\t\t\t<div class=\"elementor-container elementor-column-gap-extended\">\n\t\t\t\t\t<div class=\"elementor-column elementor-col-50 elementor-inner-column elementor-element elementor-element-52fdc9c sc_content_align_inherit sc_layouts_column_icons_position_left sc_fly_static\" data-id=\"52fdc9c\" data-element_type=\"column\" data-e-type=\"column\">\n\t\t\t<div class=\"elementor-widget-wrap elementor-element-populated\">\n\t\t\t\t\t\t<div class=\"elementor-element elementor-element-7ed59b1 scheme_default sc_fly_static elementor-widget elementor-widget-trx_sc_button\" data-id=\"7ed59b1\" data-element_type=\"widget\" data-e-type=\"widget\" id=\"amazon\" data-widget_type=\"trx_sc_button.default\">\n\t\t\t\t<div class=\"elementor-widget-container\">\n\t\t\t\t\t<div id=\"amazon_sc\"\tclass=\"sc_item_button sc_button_wrap sc_align_center\" ><a href=\"https:\/\/www.amazon.fr\/gp\/product\/B0FH7BTR48\/ref=cx_skuctr_share?smid=A315U6G8844OJA&#038;th=1&#038;psc=1\" class=\"sc_button sc_button_hover sc_button_size_normal sc_button_with_image sc_button_icon_left color_style_link3\" ><span class=\"sc_button_icon\"><img fetchpriority=\"high\" decoding=\"async\" class=\"sc_icon_as_image\" src=\"\/\/chamiboy.com\/wp-content\/uploads\/2025\/04\/icons8-amazone-500-410x410.png\" alt=\"Icon\" width=\"410\" height=\"410\"><\/span><span class=\"sc_button_text\"><span class=\"sc_button_title\">Buy on Amazon<\/span><\/span><\/a><\/div>\t\t\t\t<\/div>\n\t\t\t\t<\/div>\n\t\t\t\t\t<\/div>\n\t\t<\/div>\n\t\t\t\t<div class=\"elementor-column elementor-col-50 elementor-inner-column elementor-element elementor-element-c187f64 sc_content_align_inherit sc_layouts_column_icons_position_left sc_fly_static\" data-id=\"c187f64\" data-element_type=\"column\" data-e-type=\"column\">\n\t\t\t<div class=\"elementor-widget-wrap elementor-element-populated\">\n\t\t\t\t\t\t<div class=\"elementor-element elementor-element-b45ca8c scheme_default sc_fly_static elementor-widget elementor-widget-trx_sc_button\" data-id=\"b45ca8c\" data-element_type=\"widget\" data-e-type=\"widget\" data-widget_type=\"trx_sc_button.default\">\n\t\t\t\t<div class=\"elementor-widget-container\">\n\t\t\t\t\t<div\tclass=\"sc_item_button sc_button_wrap sc_align_center\" ><a href=\"https:\/\/chamiboy.com\/en\/revendeurs\/\" class=\"sc_button sc_button_hover sc_button_size_normal sc_button_with_image sc_button_icon_left\" ><span class=\"sc_button_icon\"><img decoding=\"async\" class=\"sc_icon_as_image\" src=\"\/\/chamiboy.com\/wp-content\/uploads\/2025\/04\/store-location-icon-410x410.png\" alt=\"Icon\" width=\"410\" height=\"410\"><\/span><span class=\"sc_button_text\"><span class=\"sc_button_title\">Find a store<\/span><\/span><\/a><\/div>\t\t\t\t<\/div>\n\t\t\t\t<\/div>\n\t\t\t\t\t<\/div>\n\t\t<\/div>\n\t\t\t\t\t<\/div>\n\t\t<\/section>\n\t\t\t\t<section class=\"elementor-section elementor-inner-section elementor-element elementor-element-72385b6 elementor-section-boxed elementor-section-height-default elementor-section-height-default sc_fly_static\" data-id=\"72385b6\" data-element_type=\"section\" data-e-type=\"section\">\n\t\t\t\t\t\t<div class=\"elementor-container elementor-column-gap-extended\">\n\t\t\t\t\t<div class=\"elementor-column elementor-col-100 elementor-inner-column elementor-element elementor-element-ad6e96f sc_content_align_inherit sc_layouts_column_icons_position_left sc_fly_static\" data-id=\"ad6e96f\" data-element_type=\"column\" data-e-type=\"column\">\n\t\t\t<div class=\"elementor-widget-wrap elementor-element-populated\">\n\t\t\t\t\t\t<div class=\"elementor-element elementor-element-ef0e680 scheme_default sc_fly_static elementor-widget elementor-widget-trx_sc_button\" data-id=\"ef0e680\" data-element_type=\"widget\" data-e-type=\"widget\" data-widget_type=\"trx_sc_button.default\">\n\t\t\t\t<div class=\"elementor-widget-container\">\n\t\t\t\t\t<div\tclass=\"sc_item_button sc_button_wrap sc_align_center\" ><a href=\"https:\/\/chamiboy.com\/en\/revendeurs\/\" class=\"sc_button sc_button_hover sc_button_size_normal sc_button_with_image sc_button_icon_left\" ><span class=\"sc_button_icon\"><img decoding=\"async\" class=\"sc_icon_as_image\" src=\"\/\/chamiboy.com\/wp-content\/uploads\/2025\/04\/store-location-icon-410x410.png\" alt=\"Icon\" width=\"410\" height=\"410\"><\/span><span class=\"sc_button_text\"><span class=\"sc_button_title\">Find a store<\/span><\/span><\/a><\/div>\t\t\t\t<\/div>\n\t\t\t\t<\/div>\n\t\t\t\t\t<\/div>\n\t\t<\/div>\n\t\t\t\t\t<\/div>\n\t\t<\/section>\n\t\t\t\t\t<\/div>\n\t\t<\/div>\n\t\t\t\t\t<\/div>\n\t\t<\/section>\n\t\t\t\t<\/div>","protected":false},"excerpt":{"rendered":"<ul>\n<li>Adjustable length: from <strong>178 cm \u00e0 295 cm<\/strong><\/li>\n<li>Lightness (<strong>450g<\/strong>) and robust<\/li>\n<li>Compatible with all other accessories<\/li>\n<li><strong>Premium Carbon<\/strong><\/li>\n<li>Optimized Ergonomics<\/li>\n<\/ul>","protected":false},"featured_media":19705,"comment_status":"closed","ping_status":"closed","template":"","meta":[],"product_brand":[],"product_cat":[181],"product_tag":[],"class_list":{"0":"post-19284","1":"product","2":"type-product","3":"status-publish","4":"has-post-thumbnail","6":"product_cat-perche","8":"first","9":"instock","10":"shipping-taxable","11":"product-type-simple"},"yoast_head":"<!-- This site is optimized with the Yoast SEO plugin v27.4 - https:\/\/yoast.com\/product\/yoast-seo-wordpress\/ -->\n<title>Carbon Pole - Large - Chamiboy<\/title>\n<meta name=\"description\" content=\"D\u00e9couvrez The Ultra Light Telescopic Carbon Pole de Chamiboy : une perche t\u00e9lescopique en carbone ultra-l\u00e9g\u00e8re, robuste et adaptable. Con\u00e7ue pour les marins, elle garantit pr\u00e9cision et durabilit\u00e9.\" \/>\n<meta name=\"robots\" content=\"index, follow, max-snippet:-1, max-image-preview:large, max-video-preview:-1\" \/>\n<link rel=\"canonical\" href=\"https:\/\/chamiboy.com\/en\/product\/carbon-pole-large\/\" \/>\n<meta property=\"og:locale\" content=\"en_US\" \/>\n<meta property=\"og:type\" content=\"article\" \/>\n<meta property=\"og:title\" content=\"Carbon Pole - Large - Chamiboy\" \/>\n<meta property=\"og:description\" content=\"D\u00e9couvrez The Ultra Light Telescopic Carbon Pole de Chamiboy : une perche t\u00e9lescopique en carbone ultra-l\u00e9g\u00e8re, robuste et adaptable. Con\u00e7ue pour les marins, elle garantit pr\u00e9cision et durabilit\u00e9.\" \/>\n<meta property=\"og:url\" content=\"https:\/\/chamiboy.com\/en\/product\/carbon-pole-large\/\" \/>\n<meta property=\"og:site_name\" content=\"Chamiboy\" \/>\n<meta property=\"article:modified_time\" content=\"2026-02-02T13:02:14+00:00\" \/>\n<meta property=\"og:image\" content=\"https:\/\/chamiboy.com\/wp-content\/uploads\/2024\/12\/Large-2B.webp\" \/>\n\t<meta property=\"og:image:width\" content=\"2000\" \/>\n\t<meta property=\"og:image:height\" content=\"2000\" \/>\n\t<meta property=\"og:image:type\" content=\"image\/webp\" \/>\n<meta name=\"twitter:card\" content=\"summary_large_image\" \/>\n<meta name=\"twitter:label1\" content=\"Est. reading time\" \/>\n\t<meta name=\"twitter:data1\" content=\"2 minutes\" \/>\n<script type=\"application\/ld+json\" class=\"yoast-schema-graph\">{\"@context\":\"https:\\\/\\\/schema.org\",\"@graph\":[{\"@type\":\"WebPage\",\"@id\":\"https:\\\/\\\/chamiboy.com\\\/product\\\/carbon-pole-large\\\/\",\"url\":\"https:\\\/\\\/chamiboy.com\\\/product\\\/carbon-pole-large\\\/\",\"name\":\"Carbon Pole - Large - Chamiboy\",\"isPartOf\":{\"@id\":\"https:\\\/\\\/chamiboy.com\\\/#website\"},\"primaryImageOfPage\":{\"@id\":\"https:\\\/\\\/chamiboy.com\\\/product\\\/carbon-pole-large\\\/#primaryimage\"},\"image\":{\"@id\":\"https:\\\/\\\/chamiboy.com\\\/product\\\/carbon-pole-large\\\/#primaryimage\"},\"thumbnailUrl\":\"https:\\\/\\\/chamiboy.com\\\/wp-content\\\/uploads\\\/2024\\\/12\\\/Large-2B.webp\",\"datePublished\":\"2025-07-28T10:00:00+00:00\",\"dateModified\":\"2026-02-02T13:02:14+00:00\",\"description\":\"D\u00e9couvrez The Ultra Light Telescopic Carbon Pole de Chamiboy : une perche t\u00e9lescopique en carbone ultra-l\u00e9g\u00e8re, robuste et adaptable. Con\u00e7ue pour les marins, elle garantit pr\u00e9cision et durabilit\u00e9.\",\"breadcrumb\":{\"@id\":\"https:\\\/\\\/chamiboy.com\\\/product\\\/carbon-pole-large\\\/#breadcrumb\"},\"inLanguage\":\"en-US\",\"potentialAction\":[{\"@type\":\"ReadAction\",\"target\":[\"https:\\\/\\\/chamiboy.com\\\/product\\\/carbon-pole-large\\\/\"]}]},{\"@type\":\"ImageObject\",\"inLanguage\":\"en-US\",\"@id\":\"https:\\\/\\\/chamiboy.com\\\/product\\\/carbon-pole-large\\\/#primaryimage\",\"url\":\"https:\\\/\\\/chamiboy.com\\\/wp-content\\\/uploads\\\/2024\\\/12\\\/Large-2B.webp\",\"contentUrl\":\"https:\\\/\\\/chamiboy.com\\\/wp-content\\\/uploads\\\/2024\\\/12\\\/Large-2B.webp\",\"width\":2000,\"height\":2000},{\"@type\":\"BreadcrumbList\",\"@id\":\"https:\\\/\\\/chamiboy.com\\\/product\\\/carbon-pole-large\\\/#breadcrumb\",\"itemListElement\":[{\"@type\":\"ListItem\",\"position\":1,\"name\":\"Accueil\",\"item\":\"https:\\\/\\\/chamiboy.com\\\/\"},{\"@type\":\"ListItem\",\"position\":2,\"name\":\"Shop\",\"item\":\"https:\\\/\\\/chamiboy.com\\\/shop\\\/\"},{\"@type\":\"ListItem\",\"position\":3,\"name\":\"Carbon Pole &#8211; Large\"}]},{\"@type\":\"WebSite\",\"@id\":\"https:\\\/\\\/chamiboy.com\\\/#website\",\"url\":\"https:\\\/\\\/chamiboy.com\\\/\",\"name\":\"Chamiboy\",\"description\":\"Build to last\",\"publisher\":{\"@id\":\"https:\\\/\\\/chamiboy.com\\\/#organization\"},\"potentialAction\":[{\"@type\":\"SearchAction\",\"target\":{\"@type\":\"EntryPoint\",\"urlTemplate\":\"https:\\\/\\\/chamiboy.com\\\/?s={search_term_string}\"},\"query-input\":{\"@type\":\"PropertyValueSpecification\",\"valueRequired\":true,\"valueName\":\"search_term_string\"}}],\"inLanguage\":\"en-US\"},{\"@type\":\"Organization\",\"@id\":\"https:\\\/\\\/chamiboy.com\\\/#organization\",\"name\":\"Chamiboy\",\"url\":\"https:\\\/\\\/chamiboy.com\\\/\",\"logo\":{\"@type\":\"ImageObject\",\"inLanguage\":\"en-US\",\"@id\":\"https:\\\/\\\/chamiboy.com\\\/#\\\/schema\\\/logo\\\/image\\\/\",\"url\":\"https:\\\/\\\/chamiboy.com\\\/wp-content\\\/uploads\\\/2021\\\/07\\\/logo-small.webp\",\"contentUrl\":\"https:\\\/\\\/chamiboy.com\\\/wp-content\\\/uploads\\\/2021\\\/07\\\/logo-small.webp\",\"width\":500,\"height\":106,\"caption\":\"Chamiboy\"},\"image\":{\"@id\":\"https:\\\/\\\/chamiboy.com\\\/#\\\/schema\\\/logo\\\/image\\\/\"},\"sameAs\":[\"https:\\\/\\\/www.instagram.com\\\/chamiboycarbon\"]}]}<\/script>\n<!-- \/ Yoast SEO plugin. -->","yoast_head_json":{"title":"Carbon Pole - Large - Chamiboy","description":"D\u00e9couvrez The Ultra Light Telescopic Carbon Pole de Chamiboy : une perche t\u00e9lescopique en carbone ultra-l\u00e9g\u00e8re, robuste et adaptable. Con\u00e7ue pour les marins, elle garantit pr\u00e9cision et durabilit\u00e9.","robots":{"index":"index","follow":"follow","max-snippet":"max-snippet:-1","max-image-preview":"max-image-preview:large","max-video-preview":"max-video-preview:-1"},"canonical":"https:\/\/chamiboy.com\/en\/product\/carbon-pole-large\/","og_locale":"en_US","og_type":"article","og_title":"Carbon Pole - Large - Chamiboy","og_description":"D\u00e9couvrez The Ultra Light Telescopic Carbon Pole de Chamiboy : une perche t\u00e9lescopique en carbone ultra-l\u00e9g\u00e8re, robuste et adaptable. Con\u00e7ue pour les marins, elle garantit pr\u00e9cision et durabilit\u00e9.","og_url":"https:\/\/chamiboy.com\/en\/product\/carbon-pole-large\/","og_site_name":"Chamiboy","article_modified_time":"2026-02-02T13:02:14+00:00","og_image":[{"width":2000,"height":2000,"url":"https:\/\/chamiboy.com\/wp-content\/uploads\/2024\/12\/Large-2B.webp","type":"image\/webp"}],"twitter_card":"summary_large_image","twitter_misc":{"Est. reading time":"2 minutes"},"schema":{"@context":"https:\/\/schema.org","@graph":[{"@type":"WebPage","@id":"https:\/\/chamiboy.com\/product\/carbon-pole-large\/","url":"https:\/\/chamiboy.com\/product\/carbon-pole-large\/","name":"Carbon Pole - Large - Chamiboy","isPartOf":{"@id":"https:\/\/chamiboy.com\/#website"},"primaryImageOfPage":{"@id":"https:\/\/chamiboy.com\/product\/carbon-pole-large\/#primaryimage"},"image":{"@id":"https:\/\/chamiboy.com\/product\/carbon-pole-large\/#primaryimage"},"thumbnailUrl":"https:\/\/chamiboy.com\/wp-content\/uploads\/2024\/12\/Large-2B.webp","datePublished":"2025-07-28T10:00:00+00:00","dateModified":"2026-02-02T13:02:14+00:00","description":"D\u00e9couvrez The Ultra Light Telescopic Carbon Pole de Chamiboy : une perche t\u00e9lescopique en carbone ultra-l\u00e9g\u00e8re, robuste et adaptable. Con\u00e7ue pour les marins, elle garantit pr\u00e9cision et durabilit\u00e9.","breadcrumb":{"@id":"https:\/\/chamiboy.com\/product\/carbon-pole-large\/#breadcrumb"},"inLanguage":"en-US","potentialAction":[{"@type":"ReadAction","target":["https:\/\/chamiboy.com\/product\/carbon-pole-large\/"]}]},{"@type":"ImageObject","inLanguage":"en-US","@id":"https:\/\/chamiboy.com\/product\/carbon-pole-large\/#primaryimage","url":"https:\/\/chamiboy.com\/wp-content\/uploads\/2024\/12\/Large-2B.webp","contentUrl":"https:\/\/chamiboy.com\/wp-content\/uploads\/2024\/12\/Large-2B.webp","width":2000,"height":2000},{"@type":"BreadcrumbList","@id":"https:\/\/chamiboy.com\/product\/carbon-pole-large\/#breadcrumb","itemListElement":[{"@type":"ListItem","position":1,"name":"Accueil","item":"https:\/\/chamiboy.com\/"},{"@type":"ListItem","position":2,"name":"Shop","item":"https:\/\/chamiboy.com\/shop\/"},{"@type":"ListItem","position":3,"name":"Carbon Pole &#8211; Large"}]},{"@type":"WebSite","@id":"https:\/\/chamiboy.com\/#website","url":"https:\/\/chamiboy.com\/","name":"Chamiboy","description":"Build to last","publisher":{"@id":"https:\/\/chamiboy.com\/#organization"},"potentialAction":[{"@type":"SearchAction","target":{"@type":"EntryPoint","urlTemplate":"https:\/\/chamiboy.com\/?s={search_term_string}"},"query-input":{"@type":"PropertyValueSpecification","valueRequired":true,"valueName":"search_term_string"}}],"inLanguage":"en-US"},{"@type":"Organization","@id":"https:\/\/chamiboy.com\/#organization","name":"Chamiboy","url":"https:\/\/chamiboy.com\/","logo":{"@type":"ImageObject","inLanguage":"en-US","@id":"https:\/\/chamiboy.com\/#\/schema\/logo\/image\/","url":"https:\/\/chamiboy.com\/wp-content\/uploads\/2021\/07\/logo-small.webp","contentUrl":"https:\/\/chamiboy.com\/wp-content\/uploads\/2021\/07\/logo-small.webp","width":500,"height":106,"caption":"Chamiboy"},"image":{"@id":"https:\/\/chamiboy.com\/#\/schema\/logo\/image\/"},"sameAs":["https:\/\/www.instagram.com\/chamiboycarbon"]}]}},"_links":{"self":[{"href":"https:\/\/chamiboy.com\/en\/wp-json\/wp\/v2\/product\/19284","targetHints":{"allow":["GET"]}}],"collection":[{"href":"https:\/\/chamiboy.com\/en\/wp-json\/wp\/v2\/product"}],"about":[{"href":"https:\/\/chamiboy.com\/en\/wp-json\/wp\/v2\/types\/product"}],"replies":[{"embeddable":true,"href":"https:\/\/chamiboy.com\/en\/wp-json\/wp\/v2\/comments?post=19284"}],"version-history":[{"count":38,"href":"https:\/\/chamiboy.com\/en\/wp-json\/wp\/v2\/product\/19284\/revisions"}],"predecessor-version":[{"id":20835,"href":"https:\/\/chamiboy.com\/en\/wp-json\/wp\/v2\/product\/19284\/revisions\/20835"}],"wp:featuredmedia":[{"embeddable":true,"href":"https:\/\/chamiboy.com\/en\/wp-json\/wp\/v2\/media\/19705"}],"wp:attachment":[{"href":"https:\/\/chamiboy.com\/en\/wp-json\/wp\/v2\/media?parent=19284"}],"wp:term":[{"taxonomy":"product_brand","embeddable":true,"href":"https:\/\/chamiboy.com\/en\/wp-json\/wp\/v2\/product_brand?post=19284"},{"taxonomy":"product_cat","embeddable":true,"href":"https:\/\/chamiboy.com\/en\/wp-json\/wp\/v2\/product_cat?post=19284"},{"taxonomy":"product_tag","embeddable":true,"href":"https:\/\/chamiboy.com\/en\/wp-json\/wp\/v2\/product_tag?post=19284"}],"curies":[{"name":"wp","href":"https:\/\/api.w.org\/{rel}","templated":true}]}}