{"id":20248,"date":"2025-01-20T15:38:38","date_gmt":"2025-01-20T15:38:38","guid":{"rendered":"https:\/\/chamiboy.com\/?page_id=20248"},"modified":"2025-06-02T16:19:28","modified_gmt":"2025-06-02T16:19:28","slug":"mentions-legales","status":"publish","type":"page","link":"https:\/\/chamiboy.com\/en\/mentions-legales\/","title":{"rendered":"Legal notice"},"content":{"rendered":"<div data-elementor-type=\"wp-page\" data-elementor-id=\"20248\" class=\"elementor elementor-20248\">\n\t\t\t\t\t\t<section class=\"elementor-section elementor-top-section elementor-element elementor-element-78f2d3f elementor-section-boxed elementor-section-height-default elementor-section-height-default sc_fly_static\" data-id=\"78f2d3f\" data-element_type=\"section\" data-e-type=\"section\">\n\t\t\t\t\t\t<div class=\"elementor-container elementor-column-gap-extended\">\n\t\t\t\t\t<div class=\"elementor-column elementor-col-100 elementor-top-column elementor-element elementor-element-1bd1ea3 sc_content_align_inherit sc_layouts_column_icons_position_left sc_fly_static\" data-id=\"1bd1ea3\" data-element_type=\"column\" data-e-type=\"column\">\n\t\t\t<div class=\"elementor-widget-wrap elementor-element-populated\">\n\t\t\t\t\t\t<div class=\"elementor-element elementor-element-490d3ad sc_fly_static elementor-widget elementor-widget-text-editor\" data-id=\"490d3ad\" data-element_type=\"widget\" data-e-type=\"widget\" data-widget_type=\"text-editor.default\">\n\t\t\t\t<div class=\"elementor-widget-container\">\n\t\t\t\t\t\t\t\t\t<h2>Legal Notice<\/h2><h3>1. Information about the website publisher.<\/h3><p>The Chamiboy website (accessible at https:\/\/chamiboy.com) is published by:<\/p><ul><li>Company name: Chamiboy, SAS, simplified joint-stock company.<\/li><li>Registered office address: 33 Rue des P\u00eacheurs, 06220 Vallauris, France.<\/li><li>SIREN number: 925 386 054.<\/li><li>Intra-community VAT number: FR35925386054.<\/li><li>Publishing director: Victor Hugo BAUDUIN.<\/li><\/ul><h3>2. Website host<\/h3><p>The website is hosted by:<\/p><ul><li>Host name: Hostinger International LTD.<\/li><li>Address: 61 Lordou Vironos Street, 6023 Larnaca, Cyprus.<\/li><li>Contact: For more information, visit the hosting provider\u2019s website at the address <a href=\"https:\/\/www.hostinger.fr\/contact\">https:\/\/www.hostinger.fr\/contact<\/a>.<\/li><\/ul><h3>3. Intellectual property<\/h3><p>All the content on this website (texts, images, logos, graphics, videos, etc.) is protected by the applicable intellectual property laws.<\/p><ul><li>Copyright and trademarks: Any reproduction, representation, modification, publication, or adaptation of all or part of the elements of the site, by any means or process, is prohibited without prior written permission.<\/li><li>Source of licensed content: Some images are used under license and are sourced from Envato Elements.<\/li><\/ul><h3>4. Privacy policy<\/h3><ul><li>Personal data: The personal information collected through the website is for internal use only and will not be sold or transferred to third parties under any circumstances.<br \/>In accordance with Article 27 of Law No. 78-17 of January 6, 1978, as amended (\u201cData Protection Act\u201d), you have the right to access, rectify, modify, and delete data concerning you.<br \/>To exercise this right, please contact us at the following address: <a href=\"mailto:contact@chamiboy.com\">contact@chamiboy.com<\/a>.<\/li><li>Tracking tools: This site uses Google Analytics to analyze traffic and improve the user experience.<\/li><\/ul><h3>5. Contact<\/h3><p>For any questions or information requests, you can contact us via:<\/p><ul><li>Email address: <a href=\"mailto:contact@chamiboy.com\">contact@chamiboy.com<\/a>.<\/li><\/ul>\t\t\t\t\t\t\t\t<\/div>\n\t\t\t\t<\/div>\n\t\t\t\t\t<\/div>\n\t\t<\/div>\n\t\t\t\t\t<\/div>\n\t\t<\/section>\n\t\t\t\t<section class=\"elementor-section elementor-top-section elementor-element elementor-element-9cddb2d elementor-section-boxed elementor-section-height-default elementor-section-height-default sc_fly_static\" data-id=\"9cddb2d\" data-element_type=\"section\" data-e-type=\"section\">\n\t\t\t\t\t\t<div class=\"elementor-container elementor-column-gap-extended\">\n\t\t\t\t\t<div class=\"elementor-column elementor-col-100 elementor-top-column elementor-element elementor-element-d7eab3a sc_content_align_inherit sc_layouts_column_icons_position_left sc_fly_static\" data-id=\"d7eab3a\" data-element_type=\"column\" data-e-type=\"column\">\n\t\t\t<div class=\"elementor-widget-wrap elementor-element-populated\">\n\t\t\t\t\t\t<div class=\"elementor-element elementor-element-8f05c06 sc_height_huge sc_fly_static elementor-widget elementor-widget-spacer\" data-id=\"8f05c06\" data-element_type=\"widget\" data-e-type=\"widget\" data-widget_type=\"spacer.default\">\n\t\t\t\t<div class=\"elementor-widget-container\">\n\t\t\t\t\t\t\t<div class=\"elementor-spacer\">\n\t\t\t<div class=\"elementor-spacer-inner\"><\/div>\n\t\t<\/div>\n\t\t\t\t\t\t<\/div>\n\t\t\t\t<\/div>\n\t\t\t\t\t<\/div>\n\t\t<\/div>\n\t\t\t\t\t<\/div>\n\t\t<\/section>\n\t\t\t\t<\/div>","protected":false},"excerpt":{"rendered":"<p>Mentions L\u00e9gales 1. Informations sur l\u2019\u00e9diteur du site Le site Chamiboy (accessible \u00e0 l\u2019adresse https:\/\/chamiboy.com) est \u00e9dit\u00e9 par\u202f: Raison sociale\u202f: Chamiboy, SAS, soci\u00e9t\u00e9 par action simplifi\u00e9e. Adresse du si\u00e8ge social\u202f:&hellip;<\/p>","protected":false},"author":1,"featured_media":0,"parent":0,"menu_order":0,"comment_status":"closed","ping_status":"closed","template":"","meta":{"footnotes":""},"class_list":["post-20248","page","type-page","status-publish","hentry"],"yoast_head":"<!-- This site is optimized with the Yoast SEO plugin v27.4 - https:\/\/yoast.com\/product\/yoast-seo-wordpress\/ -->\n<title>Mentions l\u00e9gales - Chamiboy<\/title>\n<meta name=\"robots\" content=\"index, follow, max-snippet:-1, max-image-preview:large, max-video-preview:-1\" \/>\n<link rel=\"canonical\" href=\"https:\/\/chamiboy.com\/en\/mentions-legales\/\" \/>\n<meta property=\"og:locale\" content=\"en_US\" \/>\n<meta property=\"og:type\" content=\"article\" \/>\n<meta property=\"og:title\" content=\"Mentions l\u00e9gales - Chamiboy\" \/>\n<meta property=\"og:description\" content=\"Mentions L\u00e9gales 1. Informations sur l\u2019\u00e9diteur du site Le site Chamiboy (accessible \u00e0 l\u2019adresse https:\/\/chamiboy.com) est \u00e9dit\u00e9 par\u202f: Raison sociale\u202f: Chamiboy, SAS, soci\u00e9t\u00e9 par action simplifi\u00e9e. Adresse du si\u00e8ge social\u202f:&hellip;\" \/>\n<meta property=\"og:url\" content=\"https:\/\/chamiboy.com\/en\/mentions-legales\/\" \/>\n<meta property=\"og:site_name\" content=\"Chamiboy\" \/>\n<meta property=\"article:modified_time\" content=\"2025-06-02T16:19:28+00:00\" \/>\n<meta name=\"twitter:card\" content=\"summary_large_image\" \/>\n<meta name=\"twitter:label1\" content=\"Est. reading time\" \/>\n\t<meta name=\"twitter:data1\" content=\"2 minutes\" \/>\n<script type=\"application\/ld+json\" class=\"yoast-schema-graph\">{\"@context\":\"https:\\\/\\\/schema.org\",\"@graph\":[{\"@type\":\"WebPage\",\"@id\":\"https:\\\/\\\/chamiboy.com\\\/mentions-legales\\\/\",\"url\":\"https:\\\/\\\/chamiboy.com\\\/mentions-legales\\\/\",\"name\":\"Mentions l\u00e9gales - Chamiboy\",\"isPartOf\":{\"@id\":\"https:\\\/\\\/chamiboy.com\\\/#website\"},\"datePublished\":\"2025-01-20T15:38:38+00:00\",\"dateModified\":\"2025-06-02T16:19:28+00:00\",\"breadcrumb\":{\"@id\":\"https:\\\/\\\/chamiboy.com\\\/mentions-legales\\\/#breadcrumb\"},\"inLanguage\":\"en-US\",\"potentialAction\":[{\"@type\":\"ReadAction\",\"target\":[\"https:\\\/\\\/chamiboy.com\\\/mentions-legales\\\/\"]}]},{\"@type\":\"BreadcrumbList\",\"@id\":\"https:\\\/\\\/chamiboy.com\\\/mentions-legales\\\/#breadcrumb\",\"itemListElement\":[{\"@type\":\"ListItem\",\"position\":1,\"name\":\"Accueil\",\"item\":\"https:\\\/\\\/chamiboy.com\\\/\"},{\"@type\":\"ListItem\",\"position\":2,\"name\":\"Mentions l\u00e9gales\"}]},{\"@type\":\"WebSite\",\"@id\":\"https:\\\/\\\/chamiboy.com\\\/#website\",\"url\":\"https:\\\/\\\/chamiboy.com\\\/\",\"name\":\"Chamiboy\",\"description\":\"Build to last\",\"publisher\":{\"@id\":\"https:\\\/\\\/chamiboy.com\\\/#organization\"},\"potentialAction\":[{\"@type\":\"SearchAction\",\"target\":{\"@type\":\"EntryPoint\",\"urlTemplate\":\"https:\\\/\\\/chamiboy.com\\\/?s={search_term_string}\"},\"query-input\":{\"@type\":\"PropertyValueSpecification\",\"valueRequired\":true,\"valueName\":\"search_term_string\"}}],\"inLanguage\":\"en-US\"},{\"@type\":\"Organization\",\"@id\":\"https:\\\/\\\/chamiboy.com\\\/#organization\",\"name\":\"Chamiboy\",\"url\":\"https:\\\/\\\/chamiboy.com\\\/\",\"logo\":{\"@type\":\"ImageObject\",\"inLanguage\":\"en-US\",\"@id\":\"https:\\\/\\\/chamiboy.com\\\/#\\\/schema\\\/logo\\\/image\\\/\",\"url\":\"https:\\\/\\\/chamiboy.com\\\/wp-content\\\/uploads\\\/2021\\\/07\\\/logo-small.webp\",\"contentUrl\":\"https:\\\/\\\/chamiboy.com\\\/wp-content\\\/uploads\\\/2021\\\/07\\\/logo-small.webp\",\"width\":500,\"height\":106,\"caption\":\"Chamiboy\"},\"image\":{\"@id\":\"https:\\\/\\\/chamiboy.com\\\/#\\\/schema\\\/logo\\\/image\\\/\"},\"sameAs\":[\"https:\\\/\\\/www.instagram.com\\\/chamiboycarbon\"]}]}<\/script>\n<!-- \/ Yoast SEO plugin. -->","yoast_head_json":{"title":"Mentions l\u00e9gales - Chamiboy","robots":{"index":"index","follow":"follow","max-snippet":"max-snippet:-1","max-image-preview":"max-image-preview:large","max-video-preview":"max-video-preview:-1"},"canonical":"https:\/\/chamiboy.com\/en\/mentions-legales\/","og_locale":"en_US","og_type":"article","og_title":"Mentions l\u00e9gales - Chamiboy","og_description":"Mentions L\u00e9gales 1. Informations sur l\u2019\u00e9diteur du site Le site Chamiboy (accessible \u00e0 l\u2019adresse https:\/\/chamiboy.com) est \u00e9dit\u00e9 par\u202f: Raison sociale\u202f: Chamiboy, SAS, soci\u00e9t\u00e9 par action simplifi\u00e9e. Adresse du si\u00e8ge social\u202f:&hellip;","og_url":"https:\/\/chamiboy.com\/en\/mentions-legales\/","og_site_name":"Chamiboy","article_modified_time":"2025-06-02T16:19:28+00:00","twitter_card":"summary_large_image","twitter_misc":{"Est. reading time":"2 minutes"},"schema":{"@context":"https:\/\/schema.org","@graph":[{"@type":"WebPage","@id":"https:\/\/chamiboy.com\/mentions-legales\/","url":"https:\/\/chamiboy.com\/mentions-legales\/","name":"Mentions l\u00e9gales - Chamiboy","isPartOf":{"@id":"https:\/\/chamiboy.com\/#website"},"datePublished":"2025-01-20T15:38:38+00:00","dateModified":"2025-06-02T16:19:28+00:00","breadcrumb":{"@id":"https:\/\/chamiboy.com\/mentions-legales\/#breadcrumb"},"inLanguage":"en-US","potentialAction":[{"@type":"ReadAction","target":["https:\/\/chamiboy.com\/mentions-legales\/"]}]},{"@type":"BreadcrumbList","@id":"https:\/\/chamiboy.com\/mentions-legales\/#breadcrumb","itemListElement":[{"@type":"ListItem","position":1,"name":"Accueil","item":"https:\/\/chamiboy.com\/"},{"@type":"ListItem","position":2,"name":"Mentions l\u00e9gales"}]},{"@type":"WebSite","@id":"https:\/\/chamiboy.com\/#website","url":"https:\/\/chamiboy.com\/","name":"Chamiboy","description":"Build to last","publisher":{"@id":"https:\/\/chamiboy.com\/#organization"},"potentialAction":[{"@type":"SearchAction","target":{"@type":"EntryPoint","urlTemplate":"https:\/\/chamiboy.com\/?s={search_term_string}"},"query-input":{"@type":"PropertyValueSpecification","valueRequired":true,"valueName":"search_term_string"}}],"inLanguage":"en-US"},{"@type":"Organization","@id":"https:\/\/chamiboy.com\/#organization","name":"Chamiboy","url":"https:\/\/chamiboy.com\/","logo":{"@type":"ImageObject","inLanguage":"en-US","@id":"https:\/\/chamiboy.com\/#\/schema\/logo\/image\/","url":"https:\/\/chamiboy.com\/wp-content\/uploads\/2021\/07\/logo-small.webp","contentUrl":"https:\/\/chamiboy.com\/wp-content\/uploads\/2021\/07\/logo-small.webp","width":500,"height":106,"caption":"Chamiboy"},"image":{"@id":"https:\/\/chamiboy.com\/#\/schema\/logo\/image\/"},"sameAs":["https:\/\/www.instagram.com\/chamiboycarbon"]}]}},"_links":{"self":[{"href":"https:\/\/chamiboy.com\/en\/wp-json\/wp\/v2\/pages\/20248","targetHints":{"allow":["GET"]}}],"collection":[{"href":"https:\/\/chamiboy.com\/en\/wp-json\/wp\/v2\/pages"}],"about":[{"href":"https:\/\/chamiboy.com\/en\/wp-json\/wp\/v2\/types\/page"}],"author":[{"embeddable":true,"href":"https:\/\/chamiboy.com\/en\/wp-json\/wp\/v2\/users\/1"}],"replies":[{"embeddable":true,"href":"https:\/\/chamiboy.com\/en\/wp-json\/wp\/v2\/comments?post=20248"}],"version-history":[{"count":7,"href":"https:\/\/chamiboy.com\/en\/wp-json\/wp\/v2\/pages\/20248\/revisions"}],"predecessor-version":[{"id":20637,"href":"https:\/\/chamiboy.com\/en\/wp-json\/wp\/v2\/pages\/20248\/revisions\/20637"}],"wp:attachment":[{"href":"https:\/\/chamiboy.com\/en\/wp-json\/wp\/v2\/media?parent=20248"}],"curies":[{"name":"wp","href":"https:\/\/api.w.org\/{rel}","templated":true}]}}