{"id":19994,"date":"2025-01-14T18:34:20","date_gmt":"2025-01-14T18:34:20","guid":{"rendered":"https:\/\/chamiboy.com\/?page_id=19994"},"modified":"2025-01-27T15:14:40","modified_gmt":"2025-01-27T15:14:40","slug":"notre-histoire","status":"publish","type":"page","link":"https:\/\/chamiboy.com\/en\/notre-histoire\/","title":{"rendered":"\u00c0 propos de Chamiboy &#8211; La R\u00e9f\u00e9rence en Outils en Carbone pour Marins"},"content":{"rendered":"<div data-elementor-type=\"wp-page\" data-elementor-id=\"19994\" class=\"elementor elementor-19994\">\n\t\t\t\t\t\t<section class=\"elementor-section elementor-top-section elementor-element elementor-element-4ea1f98 elementor-section-boxed elementor-section-height-default elementor-section-height-default sc_fly_static\" data-id=\"4ea1f98\" data-element_type=\"section\" data-e-type=\"section\">\n\t\t\t\t\t\t<div class=\"elementor-container elementor-column-gap-extended\">\n\t\t\t\t\t<div class=\"elementor-column elementor-col-100 elementor-top-column elementor-element elementor-element-9b30610 sc_content_align_inherit sc_layouts_column_icons_position_left sc_fly_static\" data-id=\"9b30610\" data-element_type=\"column\" data-e-type=\"column\">\n\t\t\t<div class=\"elementor-widget-wrap elementor-element-populated\">\n\t\t\t\t\t\t<div class=\"elementor-element elementor-element-270dc13 sc_fly_static elementor-widget elementor-widget-trx_sc_title\" data-id=\"270dc13\" data-element_type=\"widget\" data-e-type=\"widget\" data-widget_type=\"trx_sc_title.default\">\n\t\t\t\t<div class=\"elementor-widget-container\">\n\t\t\t\t\t<div\t\tclass=\"sc_title sc_title_default\" ><span class=\"sc_item_subtitle sc_title_subtitle sc_align_left sc_item_subtitle_above sc_item_title_style_default\">Head to Chamiboy<\/span><h1 class=\"sc_item_title sc_title_title sc_align_left sc_item_title_style_default sc_item_title_tag\"\n\t\t\t><span class=\"sc_item_title_text\">Who are we?<\/span><\/h1><\/div>\t\t\t\t<\/div>\n\t\t\t\t<\/div>\n\t\t\t\t<div class=\"elementor-element elementor-element-3a17456 sc_fly_static elementor-widget elementor-widget-text-editor\" data-id=\"3a17456\" data-element_type=\"widget\" data-e-type=\"widget\" data-widget_type=\"text-editor.default\">\n\t\t\t\t<div class=\"elementor-widget-container\">\n\t\t\t\t\t\t\t\t\t<p style=\"text-align:justify;\">The idea behind Chamiboy was born from two sailors, Rapha\u00ebl and Victor, united by a shared passion for the sea and a clear ambition: to reinvent the daily lives of yachting professionals. Drawing from our experience as former deckhands, we noticed that 90% of the work on board is focused on caring for the yacht. This maintenance, crucial for the longevity and value of the boat, deserves tools that meet the challenge.<\/p>\n\n<h5>An Innovation Born on Deck<\/h5>\n\n<p style=\"text-align:justify;\">During our years at sea, we witnessed a stagnant industry where maintenance tools all looked the same: impractical, heavy, and lacking innovation. While washing down a yacht over 30 meters long can take an entire day, holding thick wooden or aluminum brooms quickly becomes a burden on the shoulders.<\/p>\n\n<h5>This is how Chamiboy came to life<\/h5>\n<p style=\"text-align:justify;\">Our first mission was clear: reduce the weight of the most commonly used tools without sacrificing their strength. So, we created a range of carbon brooms, a material that is lightweight, strong, and durable, which literally transforms the onboard cleaning experience.<\/p>\n\n<h5>Smart, Stylish, and Accessible Products<\/h5>\n\n<p style=\"text-align:justify;\">Our philosophy is simple: innovation should not be a luxury.<\/p>\n<ul>\n<li>Our carbon brooms, available in three sizes, combine lightness, durability, and elegance, all while remaining affordable.<\/li>\n<li>After a real success in the south of France during the 2024 season, we expanded our range to include innovative accessories perfectly compatible with our brooms.<\/li>\t\t\t\t\t\t\t\t<\/div>\n\t\t\t\t<\/div>\n\t\t\t\t<div class=\"elementor-element elementor-element-e1bc42b sc_fly_static elementor-widget elementor-widget-image\" data-id=\"e1bc42b\" data-element_type=\"widget\" data-e-type=\"widget\" data-widget_type=\"image.default\">\n\t\t\t\t<div class=\"elementor-widget-container\">\n\t\t\t\t\t\t\t\t\t\t\t\t\t\t\t<img fetchpriority=\"high\" decoding=\"async\" width=\"1500\" height=\"603\" src=\"https:\/\/chamiboy.com\/wp-content\/uploads\/2025\/01\/about2.webp\" class=\"attachment-full size-full wp-image-19997\" alt=\"\" srcset=\"https:\/\/chamiboy.com\/wp-content\/uploads\/2025\/01\/about2.webp 1500w, https:\/\/chamiboy.com\/wp-content\/uploads\/2025\/01\/about2-300x121.webp 300w, https:\/\/chamiboy.com\/wp-content\/uploads\/2025\/01\/about2-1024x412.webp 1024w, https:\/\/chamiboy.com\/wp-content\/uploads\/2025\/01\/about2-768x309.webp 768w, https:\/\/chamiboy.com\/wp-content\/uploads\/2025\/01\/about2-370x149.webp 370w, https:\/\/chamiboy.com\/wp-content\/uploads\/2025\/01\/about2-840x338.webp 840w, https:\/\/chamiboy.com\/wp-content\/uploads\/2025\/01\/about2-410x165.webp 410w, https:\/\/chamiboy.com\/wp-content\/uploads\/2025\/01\/about2-600x241.webp 600w\" sizes=\"(max-width: 1500px) 100vw, 1500px\" \/>\t\t\t\t\t\t\t\t\t\t\t\t\t\t\t<\/div>\n\t\t\t\t<\/div>\n\t\t\t\t<div class=\"elementor-element elementor-element-c096263 sc_fly_static elementor-widget elementor-widget-text-editor\" data-id=\"c096263\" data-element_type=\"widget\" data-e-type=\"widget\" data-widget_type=\"text-editor.default\">\n\t\t\t\t<div class=\"elementor-widget-container\">\n\t\t\t\t\t\t\t\t\t<h5>Eco-responsibility: Tools designed to last<\/h5>\n\n<p style=\"text-align:justify;\">At Chamiboy, we believe that the future of yachting lies in sustainable products. Unlike other materials that deteriorate quickly with oxidation, our carbon is designed to last a lifetime.\n<ul>\n<li>Our ecological commitments: eco-friendly packaging and products that prioritize durability over disposability.<\/li>\n<\/ul>\n\n<h5>Style in the Service of Excellence<\/h5>\n\n<p style=\"text-align:justify;\">In a world where every yacht is a floating work of art, the tools must live up to the standard.<\/p>\n<ul>\n<li>We designed our products to be both practical and elegant.<\/li>\n<li>As enthusiasts of carbon and design, we created brooms and accessories that stand out for their unique and timeless style.<\/li>\n<\/ul>\n\n<h5>Sailors Serving Sailors<\/h5>\n\n<p style=\"text-align:justify;\">Growing up near the sea and attending sailing school, we developed a deep understanding of the needs of this industry.<\/p>\n<ul>\n<li>We know what it takes to maintain these floating gems because we have sailed, cleaned, and lived the life of deckhands.<\/li>\n<li>At Chamiboy, we put this experience to work for a new generation of tools, designed by sailors, for sailors.<\/li>\t\t\t\t\t\t\t\t<\/div>\n\t\t\t\t<\/div>\n\t\t\t\t\t<\/div>\n\t\t<\/div>\n\t\t\t\t\t<\/div>\n\t\t<\/section>\n\t\t\t\t<\/div>","protected":false},"excerpt":{"rendered":"<p>Cap sur Chamiboy Qui sommes-nous ? L\u2019id\u00e9e de Chamiboy est n\u00e9e de deux marins, Rapha\u00ebl et Victor, unis par une m\u00eame passion pour la mer et une ambition claire :&hellip;<\/p>","protected":false},"author":1,"featured_media":0,"parent":0,"menu_order":0,"comment_status":"closed","ping_status":"closed","template":"","meta":{"footnotes":""},"class_list":["post-19994","page","type-page","status-publish","hentry"],"yoast_head":"<!-- This site is optimized with the Yoast SEO plugin v27.4 - https:\/\/yoast.com\/product\/yoast-seo-wordpress\/ -->\n<title>\u00c0 propos de Chamiboy - La R\u00e9f\u00e9rence en Outils en Carbone pour Marins - Chamiboy<\/title>\n<meta name=\"description\" content=\"D\u00e9couvrez l\u2019histoire de Chamiboy, la marque sp\u00e9cialiste des outils et accessoires en carbone pour marins. Innovation, durabilit\u00e9 et passion pour le nautisme nous guident chaque jour.\" \/>\n<meta name=\"robots\" content=\"index, follow, max-snippet:-1, max-image-preview:large, max-video-preview:-1\" \/>\n<link rel=\"canonical\" href=\"https:\/\/chamiboy.com\/en\/notre-histoire\/\" \/>\n<meta property=\"og:locale\" content=\"en_US\" \/>\n<meta property=\"og:type\" content=\"article\" \/>\n<meta property=\"og:title\" content=\"\u00c0 propos de Chamiboy - La R\u00e9f\u00e9rence en Outils en Carbone pour Marins - Chamiboy\" \/>\n<meta property=\"og:description\" content=\"D\u00e9couvrez l\u2019histoire de Chamiboy, la marque sp\u00e9cialiste des outils et accessoires en carbone pour marins. Innovation, durabilit\u00e9 et passion pour le nautisme nous guident chaque jour.\" \/>\n<meta property=\"og:url\" content=\"https:\/\/chamiboy.com\/en\/notre-histoire\/\" \/>\n<meta property=\"og:site_name\" content=\"Chamiboy\" \/>\n<meta property=\"article:modified_time\" content=\"2025-01-27T15:14:40+00:00\" \/>\n<meta property=\"og:image\" content=\"https:\/\/chamiboy.com\/wp-content\/uploads\/2025\/01\/about2.webp\" \/>\n\t<meta property=\"og:image:width\" content=\"1500\" \/>\n\t<meta property=\"og:image:height\" content=\"603\" \/>\n\t<meta property=\"og:image:type\" content=\"image\/webp\" \/>\n<meta name=\"twitter:card\" content=\"summary_large_image\" \/>\n<meta name=\"twitter:label1\" content=\"Est. reading time\" \/>\n\t<meta name=\"twitter:data1\" content=\"3 minutes\" \/>\n<script type=\"application\/ld+json\" class=\"yoast-schema-graph\">{\"@context\":\"https:\\\/\\\/schema.org\",\"@graph\":[{\"@type\":\"WebPage\",\"@id\":\"https:\\\/\\\/chamiboy.com\\\/notre-histoire\\\/\",\"url\":\"https:\\\/\\\/chamiboy.com\\\/notre-histoire\\\/\",\"name\":\"\u00c0 propos de Chamiboy - La R\u00e9f\u00e9rence en Outils en Carbone pour Marins - Chamiboy\",\"isPartOf\":{\"@id\":\"https:\\\/\\\/chamiboy.com\\\/#website\"},\"primaryImageOfPage\":{\"@id\":\"https:\\\/\\\/chamiboy.com\\\/notre-histoire\\\/#primaryimage\"},\"image\":{\"@id\":\"https:\\\/\\\/chamiboy.com\\\/notre-histoire\\\/#primaryimage\"},\"thumbnailUrl\":\"https:\\\/\\\/chamiboy.com\\\/wp-content\\\/uploads\\\/2025\\\/01\\\/about2.webp\",\"datePublished\":\"2025-01-14T18:34:20+00:00\",\"dateModified\":\"2025-01-27T15:14:40+00:00\",\"description\":\"D\u00e9couvrez l\u2019histoire de Chamiboy, la marque sp\u00e9cialiste des outils et accessoires en carbone pour marins. Innovation, durabilit\u00e9 et passion pour le nautisme nous guident chaque jour.\",\"breadcrumb\":{\"@id\":\"https:\\\/\\\/chamiboy.com\\\/notre-histoire\\\/#breadcrumb\"},\"inLanguage\":\"en-US\",\"potentialAction\":[{\"@type\":\"ReadAction\",\"target\":[\"https:\\\/\\\/chamiboy.com\\\/notre-histoire\\\/\"]}]},{\"@type\":\"ImageObject\",\"inLanguage\":\"en-US\",\"@id\":\"https:\\\/\\\/chamiboy.com\\\/notre-histoire\\\/#primaryimage\",\"url\":\"https:\\\/\\\/chamiboy.com\\\/wp-content\\\/uploads\\\/2025\\\/01\\\/about2.webp\",\"contentUrl\":\"https:\\\/\\\/chamiboy.com\\\/wp-content\\\/uploads\\\/2025\\\/01\\\/about2.webp\"},{\"@type\":\"BreadcrumbList\",\"@id\":\"https:\\\/\\\/chamiboy.com\\\/notre-histoire\\\/#breadcrumb\",\"itemListElement\":[{\"@type\":\"ListItem\",\"position\":1,\"name\":\"Accueil\",\"item\":\"https:\\\/\\\/chamiboy.com\\\/\"},{\"@type\":\"ListItem\",\"position\":2,\"name\":\"\u00c0 propos de Chamiboy &#8211; La R\u00e9f\u00e9rence en Outils en Carbone pour Marins\"}]},{\"@type\":\"WebSite\",\"@id\":\"https:\\\/\\\/chamiboy.com\\\/#website\",\"url\":\"https:\\\/\\\/chamiboy.com\\\/\",\"name\":\"Chamiboy\",\"description\":\"Build to last\",\"publisher\":{\"@id\":\"https:\\\/\\\/chamiboy.com\\\/#organization\"},\"potentialAction\":[{\"@type\":\"SearchAction\",\"target\":{\"@type\":\"EntryPoint\",\"urlTemplate\":\"https:\\\/\\\/chamiboy.com\\\/?s={search_term_string}\"},\"query-input\":{\"@type\":\"PropertyValueSpecification\",\"valueRequired\":true,\"valueName\":\"search_term_string\"}}],\"inLanguage\":\"en-US\"},{\"@type\":\"Organization\",\"@id\":\"https:\\\/\\\/chamiboy.com\\\/#organization\",\"name\":\"Chamiboy\",\"url\":\"https:\\\/\\\/chamiboy.com\\\/\",\"logo\":{\"@type\":\"ImageObject\",\"inLanguage\":\"en-US\",\"@id\":\"https:\\\/\\\/chamiboy.com\\\/#\\\/schema\\\/logo\\\/image\\\/\",\"url\":\"https:\\\/\\\/chamiboy.com\\\/wp-content\\\/uploads\\\/2021\\\/07\\\/logo-small.webp\",\"contentUrl\":\"https:\\\/\\\/chamiboy.com\\\/wp-content\\\/uploads\\\/2021\\\/07\\\/logo-small.webp\",\"width\":500,\"height\":106,\"caption\":\"Chamiboy\"},\"image\":{\"@id\":\"https:\\\/\\\/chamiboy.com\\\/#\\\/schema\\\/logo\\\/image\\\/\"},\"sameAs\":[\"https:\\\/\\\/www.instagram.com\\\/chamiboycarbon\"]}]}<\/script>\n<!-- \/ Yoast SEO plugin. -->","yoast_head_json":{"title":"\u00c0 propos de Chamiboy - La R\u00e9f\u00e9rence en Outils en Carbone pour Marins - Chamiboy","description":"D\u00e9couvrez l\u2019histoire de Chamiboy, la marque sp\u00e9cialiste des outils et accessoires en carbone pour marins. Innovation, durabilit\u00e9 et passion pour le nautisme nous guident chaque jour.","robots":{"index":"index","follow":"follow","max-snippet":"max-snippet:-1","max-image-preview":"max-image-preview:large","max-video-preview":"max-video-preview:-1"},"canonical":"https:\/\/chamiboy.com\/en\/notre-histoire\/","og_locale":"en_US","og_type":"article","og_title":"\u00c0 propos de Chamiboy - La R\u00e9f\u00e9rence en Outils en Carbone pour Marins - Chamiboy","og_description":"D\u00e9couvrez l\u2019histoire de Chamiboy, la marque sp\u00e9cialiste des outils et accessoires en carbone pour marins. Innovation, durabilit\u00e9 et passion pour le nautisme nous guident chaque jour.","og_url":"https:\/\/chamiboy.com\/en\/notre-histoire\/","og_site_name":"Chamiboy","article_modified_time":"2025-01-27T15:14:40+00:00","og_image":[{"width":1500,"height":603,"url":"https:\/\/chamiboy.com\/wp-content\/uploads\/2025\/01\/about2.webp","type":"image\/webp"}],"twitter_card":"summary_large_image","twitter_misc":{"Est. reading time":"3 minutes"},"schema":{"@context":"https:\/\/schema.org","@graph":[{"@type":"WebPage","@id":"https:\/\/chamiboy.com\/notre-histoire\/","url":"https:\/\/chamiboy.com\/notre-histoire\/","name":"\u00c0 propos de Chamiboy - La R\u00e9f\u00e9rence en Outils en Carbone pour Marins - Chamiboy","isPartOf":{"@id":"https:\/\/chamiboy.com\/#website"},"primaryImageOfPage":{"@id":"https:\/\/chamiboy.com\/notre-histoire\/#primaryimage"},"image":{"@id":"https:\/\/chamiboy.com\/notre-histoire\/#primaryimage"},"thumbnailUrl":"https:\/\/chamiboy.com\/wp-content\/uploads\/2025\/01\/about2.webp","datePublished":"2025-01-14T18:34:20+00:00","dateModified":"2025-01-27T15:14:40+00:00","description":"D\u00e9couvrez l\u2019histoire de Chamiboy, la marque sp\u00e9cialiste des outils et accessoires en carbone pour marins. Innovation, durabilit\u00e9 et passion pour le nautisme nous guident chaque jour.","breadcrumb":{"@id":"https:\/\/chamiboy.com\/notre-histoire\/#breadcrumb"},"inLanguage":"en-US","potentialAction":[{"@type":"ReadAction","target":["https:\/\/chamiboy.com\/notre-histoire\/"]}]},{"@type":"ImageObject","inLanguage":"en-US","@id":"https:\/\/chamiboy.com\/notre-histoire\/#primaryimage","url":"https:\/\/chamiboy.com\/wp-content\/uploads\/2025\/01\/about2.webp","contentUrl":"https:\/\/chamiboy.com\/wp-content\/uploads\/2025\/01\/about2.webp"},{"@type":"BreadcrumbList","@id":"https:\/\/chamiboy.com\/notre-histoire\/#breadcrumb","itemListElement":[{"@type":"ListItem","position":1,"name":"Accueil","item":"https:\/\/chamiboy.com\/"},{"@type":"ListItem","position":2,"name":"\u00c0 propos de Chamiboy &#8211; La R\u00e9f\u00e9rence en Outils en Carbone pour Marins"}]},{"@type":"WebSite","@id":"https:\/\/chamiboy.com\/#website","url":"https:\/\/chamiboy.com\/","name":"Chamiboy","description":"Build to last","publisher":{"@id":"https:\/\/chamiboy.com\/#organization"},"potentialAction":[{"@type":"SearchAction","target":{"@type":"EntryPoint","urlTemplate":"https:\/\/chamiboy.com\/?s={search_term_string}"},"query-input":{"@type":"PropertyValueSpecification","valueRequired":true,"valueName":"search_term_string"}}],"inLanguage":"en-US"},{"@type":"Organization","@id":"https:\/\/chamiboy.com\/#organization","name":"Chamiboy","url":"https:\/\/chamiboy.com\/","logo":{"@type":"ImageObject","inLanguage":"en-US","@id":"https:\/\/chamiboy.com\/#\/schema\/logo\/image\/","url":"https:\/\/chamiboy.com\/wp-content\/uploads\/2021\/07\/logo-small.webp","contentUrl":"https:\/\/chamiboy.com\/wp-content\/uploads\/2021\/07\/logo-small.webp","width":500,"height":106,"caption":"Chamiboy"},"image":{"@id":"https:\/\/chamiboy.com\/#\/schema\/logo\/image\/"},"sameAs":["https:\/\/www.instagram.com\/chamiboycarbon"]}]}},"_links":{"self":[{"href":"https:\/\/chamiboy.com\/en\/wp-json\/wp\/v2\/pages\/19994","targetHints":{"allow":["GET"]}}],"collection":[{"href":"https:\/\/chamiboy.com\/en\/wp-json\/wp\/v2\/pages"}],"about":[{"href":"https:\/\/chamiboy.com\/en\/wp-json\/wp\/v2\/types\/page"}],"author":[{"embeddable":true,"href":"https:\/\/chamiboy.com\/en\/wp-json\/wp\/v2\/users\/1"}],"replies":[{"embeddable":true,"href":"https:\/\/chamiboy.com\/en\/wp-json\/wp\/v2\/comments?post=19994"}],"version-history":[{"count":11,"href":"https:\/\/chamiboy.com\/en\/wp-json\/wp\/v2\/pages\/19994\/revisions"}],"predecessor-version":[{"id":20399,"href":"https:\/\/chamiboy.com\/en\/wp-json\/wp\/v2\/pages\/19994\/revisions\/20399"}],"wp:attachment":[{"href":"https:\/\/chamiboy.com\/en\/wp-json\/wp\/v2\/media?parent=19994"}],"curies":[{"name":"wp","href":"https:\/\/api.w.org\/{rel}","templated":true}]}}