{"id":17378,"date":"2021-07-16T12:44:20","date_gmt":"2021-07-16T12:44:20","guid":{"rendered":"https:\/\/chamiboy.com\/?page_id=17378"},"modified":"2025-01-27T17:31:41","modified_gmt":"2025-01-27T17:31:41","slug":"revendeurs","status":"publish","type":"page","link":"https:\/\/chamiboy.com\/en\/revendeurs\/","title":{"rendered":"Nos Revendeurs &#8211; Trouvez les Points de Vente Chamiboy pr\u00e8s de vous"},"content":{"rendered":"<div data-elementor-type=\"wp-page\" data-elementor-id=\"17378\" class=\"elementor elementor-17378\">\n\t\t\t\t\t\t<section class=\"elementor-section elementor-top-section elementor-element elementor-element-cef3f70 elementor-section-stretched elementor-section-boxed elementor-section-height-default elementor-section-height-default sc_fly_static\" data-id=\"cef3f70\" data-element_type=\"section\" data-e-type=\"section\" data-settings=\"{&quot;stretch_section&quot;:&quot;section-stretched&quot;,&quot;background_background&quot;:&quot;classic&quot;}\">\n\t\t\t\t\t\t<div class=\"elementor-container elementor-column-gap-extended\">\n\t\t\t\t\t<div class=\"elementor-column elementor-col-100 elementor-top-column elementor-element elementor-element-303ca12 sc_content_align_inherit sc_layouts_column_icons_position_left sc_fly_static\" data-id=\"303ca12\" data-element_type=\"column\" data-e-type=\"column\">\n\t\t\t<div class=\"elementor-widget-wrap elementor-element-populated\">\n\t\t\t\t\t\t<div class=\"elementor-element elementor-element-53e6b00 sc_fly_static elementor-widget elementor-widget-heading\" data-id=\"53e6b00\" data-element_type=\"widget\" data-e-type=\"widget\" data-widget_type=\"heading.default\">\n\t\t\t\t<div class=\"elementor-widget-container\">\n\t\t\t\t\t<h2 class=\"elementor-heading-title elementor-size-default\">OUR OFFICIAL RESELLERS<\/h2>\t\t\t\t<\/div>\n\t\t\t\t<\/div>\n\t\t\t\t<div class=\"elementor-element elementor-element-e20e248 sc_fly_static elementor-widget elementor-widget-text-editor\" data-id=\"e20e248\" data-element_type=\"widget\" data-e-type=\"widget\" data-widget_type=\"text-editor.default\">\n\t\t\t\t<div class=\"elementor-widget-container\">\n\t\t\t\t\t\t\t\t\t<p>Find Chamiboy partner stores, specializing in our accessories and tools for sailors. With them, quality and expertise are always within reach!<\/p>\t\t\t\t\t\t\t\t<\/div>\n\t\t\t\t<\/div>\n\t\t\t\t<div class=\"elementor-element elementor-element-6c7196c sc_fly_static elementor-widget elementor-widget-shortcode\" data-id=\"6c7196c\" data-element_type=\"widget\" data-e-type=\"widget\" data-widget_type=\"shortcode.default\">\n\t\t\t\t<div class=\"elementor-widget-container\">\n\t\t\t\t\t\t\t<div class=\"elementor-shortcode\"><style>\r\n\t#wpsl-stores .wpsl-store-thumb {height:45px !important; width:45px !important;}\r\n\t#wpsl-stores, #wpsl-direction-details, #wpsl-gmap {height:900px !important;}\r\n\t#wpsl-gmap .wpsl-info-window {max-width:225px !important;}\r\n\t.wpsl-input label, #wpsl-radius label, #wpsl-category label {width:95px;}\r\n\t#wpsl-search-input  {width:179px;}\r\n<\/style>\r\n<div id=\"wpsl-wrap\">\r\n\t<div class=\"wpsl-search wpsl-clearfix\">\r\n\t\t<div id=\"wpsl-search-wrap\">\r\n\t\t\t<form autocomplete=\"off\" action=\"\">\r\n\t\t\t<div class=\"wpsl-input\">\r\n\t\t\t\t<div><label for=\"wpsl-search-input\">Your location<\/label><\/div>\r\n\t\t\t\t<input id=\"wpsl-search-input\" type=\"text\" value=\"\" name=\"wpsl-search-input\" placeholder=\"\" aria-required=\"true\" \/>\r\n\t\t\t<\/div>\r\n\t\t\t<div class=\"wpsl-select-wrap\">\r\n\t\t\t\t<div id=\"wpsl-radius\">\r\n\t\t\t\t\t<label for=\"wpsl-radius-dropdown\">Search radius<\/label>\r\n\t\t\t\t\t<select id=\"wpsl-radius-dropdown\" class=\"wpsl-dropdown\" name=\"wpsl-radius\">\r\n\t\t\t\t\t\t<option value=\"10\">10 km<\/option><option value=\"25\">25 km<\/option><option value=\"50\">50 km<\/option><option value=\"100\">100 km<\/option><option value=\"200\">200 km<\/option><option selected=\"selected\" value=\"500\">500 km<\/option><option value=\"40000\">40000 km<\/option>\r\n\t\t\t\t\t<\/select>\r\n\t\t\t\t<\/div>\r\n\t\t\t\t<div id=\"wpsl-results\">\r\n\t\t\t\t\t<label for=\"wpsl-results-dropdown\">Results<\/label>\r\n\t\t\t\t\t<select id=\"wpsl-results-dropdown\" class=\"wpsl-dropdown\" name=\"wpsl-results\">\r\n\t\t\t\t\t\t<option value=\"25\">25<\/option><option value=\"50\">50<\/option><option value=\"75\">75<\/option><option selected=\"selected\" value=\"100\">100<\/option>\r\n\t\t\t\t\t<\/select>\r\n\t\t\t\t<\/div>\r\n\t\t\t<\/div>\r\n\t\t\t\t<div class=\"wpsl-search-btn-wrap\"><input id=\"wpsl-search-btn\" type=\"submit\" value=\"Search\"><\/div>\r\n\t\t<input type=\"hidden\" name=\"trp-form-language\" value=\"en\"\/><\/form>\r\n\t\t<\/div>\r\n\t<\/div>\r\n\t<div id=\"wpsl-gmap\" class=\"wpsl-gmap-canvas\"><\/div>\r\n\t<div id=\"wpsl-result-list\">\r\n\t\t<div id=\"wpsl-stores\" >\r\n\t\t\t<ul><\/ul>\r\n\t\t<\/div>\r\n\t\t<div id=\"wpsl-direction-details\">\r\n\t\t\t<ul><\/ul>\r\n\t\t<\/div>\r\n\t<\/div>\r\n<\/div>\r\n\n<\/div>\n\t\t\t\t\t\t<\/div>\n\t\t\t\t<\/div>\n\t\t\t\t<div class=\"elementor-element elementor-element-f06d65b sc_fly_static elementor-widget elementor-widget-text-editor\" data-id=\"f06d65b\" data-element_type=\"widget\" data-e-type=\"widget\" data-widget_type=\"text-editor.default\">\n\t\t\t\t<div class=\"elementor-widget-container\">\n\t\t\t\t\t\t\t\t\t<p>Can\u2019t find a dealer nearby? We offer delivery upon request.<\/p>\t\t\t\t\t\t\t\t<\/div>\n\t\t\t\t<\/div>\n\t\t\t\t<div class=\"elementor-element elementor-element-6031ad4 sc_fly_static elementor-widget elementor-widget-trx_sc_button\" data-id=\"6031ad4\" data-element_type=\"widget\" data-e-type=\"widget\" data-widget_type=\"trx_sc_button.default\">\n\t\t\t\t<div class=\"elementor-widget-container\">\n\t\t\t\t\t<div\tclass=\"sc_item_button sc_button_wrap\" ><a href=\"#\" class=\"sc_button sc_button_flow sc_button_size_normal sc_button_with_icon sc_button_icon_left\" ><span class=\"sc_button_icon\"><span class=\"icon-delivery\"><\/span><\/span><span class=\"sc_button_text\"><span class=\"sc_button_title\">Delivery<\/span><\/span><\/a><\/div>\t\t\t\t<\/div>\n\t\t\t\t<\/div>\n\t\t\t\t\t<\/div>\n\t\t<\/div>\n\t\t\t\t\t<\/div>\n\t\t<\/section>\n\t\t\t\t<section class=\"elementor-section elementor-top-section elementor-element elementor-element-82e1dac elementor-section-boxed elementor-section-height-default elementor-section-height-default sc_fly_static\" data-id=\"82e1dac\" data-element_type=\"section\" data-e-type=\"section\">\n\t\t\t\t\t\t<div class=\"elementor-container elementor-column-gap-extended\">\n\t\t\t\t\t<div class=\"elementor-column elementor-col-100 elementor-top-column elementor-element elementor-element-3e42175 sc_content_align_inherit sc_layouts_column_icons_position_left sc_fly_static\" data-id=\"3e42175\" data-element_type=\"column\" data-e-type=\"column\">\n\t\t\t<div class=\"elementor-widget-wrap elementor-element-populated\">\n\t\t\t\t\t\t<div class=\"elementor-element elementor-element-18e15c5 sc_fly_static elementor-widget elementor-widget-heading\" data-id=\"18e15c5\" data-element_type=\"widget\" data-e-type=\"widget\" data-widget_type=\"heading.default\">\n\t\t\t\t<div class=\"elementor-widget-container\">\n\t\t\t\t\t<h2 class=\"elementor-heading-title elementor-size-default\">Become a reseller<\/h2>\t\t\t\t<\/div>\n\t\t\t\t<\/div>\n\t\t\t\t<div class=\"elementor-element elementor-element-c74ef4c sc_fly_static elementor-widget elementor-widget-text-editor\" data-id=\"c74ef4c\" data-element_type=\"widget\" data-e-type=\"widget\" data-widget_type=\"text-editor.default\">\n\t\t\t\t<div class=\"elementor-widget-container\">\n\t\t\t\t\t\t\t\t\tAre you a professional looking to enhance your offerings with high-quality products designed for sea enthusiasts? Join the Chamiboy network as an official reseller. Benefit from a strong partnership, recognized expertise, and personalized support to meet your customers\u2019 expectations. Simply reach out to us to get started\u2014our team is ready to answer your questions and guide you through every step of the process. Together, let\u2019s make your expertise a benchmark in the marine world!\t\t\t\t\t\t\t\t<\/div>\n\t\t\t\t<\/div>\n\t\t\t\t<div class=\"elementor-element elementor-element-ce12dbb sc_fly_static elementor-widget elementor-widget-trx_sc_button\" data-id=\"ce12dbb\" data-element_type=\"widget\" data-e-type=\"widget\" data-widget_type=\"trx_sc_button.default\">\n\t\t\t\t<div class=\"elementor-widget-container\">\n\t\t\t\t\t<div\tclass=\"sc_item_button sc_button_wrap\" ><a href=\"https:\/\/chamiboy.com\/en\/contact\/\" class=\"sc_button sc_button_flow sc_button_size_normal sc_button_icon_left\" ><span class=\"sc_button_text\"><span class=\"sc_button_title\">Contact us<\/span><\/span><\/a><\/div>\t\t\t\t<\/div>\n\t\t\t\t<\/div>\n\t\t\t\t\t<\/div>\n\t\t<\/div>\n\t\t\t\t\t<\/div>\n\t\t<\/section>\n\t\t\t\t<\/div>","protected":false},"excerpt":{"rendered":"<p>NOS REVENDEURS OFFICIELS Retrouvez les points de vente partenaires Chamiboy, sp\u00e9cialis\u00e9s dans nos accessoires et outils pour marins. Avec eux, la qualit\u00e9 et l\u2019expertise sont toujours \u00e0 port\u00e9e de main\u202f!&hellip;<\/p>","protected":false},"author":1,"featured_media":0,"parent":0,"menu_order":0,"comment_status":"closed","ping_status":"closed","template":"","meta":{"footnotes":""},"class_list":["post-17378","page","type-page","status-publish","hentry"],"yoast_head":"<!-- This site is optimized with the Yoast SEO plugin v27.4 - https:\/\/yoast.com\/product\/yoast-seo-wordpress\/ -->\n<title>Nos Revendeurs - Trouvez les Points de Vente Chamiboy pr\u00e8s de vous - Chamiboy<\/title>\n<meta name=\"description\" content=\"D\u00e9couvrez o\u00f9 acheter les produits Chamiboy ! Nos revendeurs partenaires offrent nos outils et accessoires en carbone pour marins dans le monde entier. Trouvez le v\u00f4tre d\u00e8s maintenant.\" \/>\n<meta name=\"robots\" content=\"index, follow, max-snippet:-1, max-image-preview:large, max-video-preview:-1\" \/>\n<link rel=\"canonical\" href=\"https:\/\/chamiboy.com\/en\/revendeurs\/\" \/>\n<meta property=\"og:locale\" content=\"en_US\" \/>\n<meta property=\"og:type\" content=\"article\" \/>\n<meta property=\"og:title\" content=\"Nos Revendeurs - Trouvez les Points de Vente Chamiboy pr\u00e8s de vous - Chamiboy\" \/>\n<meta property=\"og:description\" content=\"D\u00e9couvrez o\u00f9 acheter les produits Chamiboy ! Nos revendeurs partenaires offrent nos outils et accessoires en carbone pour marins dans le monde entier. Trouvez le v\u00f4tre d\u00e8s maintenant.\" \/>\n<meta property=\"og:url\" content=\"https:\/\/chamiboy.com\/en\/revendeurs\/\" \/>\n<meta property=\"og:site_name\" content=\"Chamiboy\" \/>\n<meta property=\"article:modified_time\" content=\"2025-01-27T17:31:41+00:00\" \/>\n<meta name=\"twitter:card\" content=\"summary_large_image\" \/>\n<meta name=\"twitter:label1\" content=\"Est. reading time\" \/>\n\t<meta name=\"twitter:data1\" content=\"1 minute\" \/>\n<script type=\"application\/ld+json\" class=\"yoast-schema-graph\">{\"@context\":\"https:\\\/\\\/schema.org\",\"@graph\":[{\"@type\":\"WebPage\",\"@id\":\"https:\\\/\\\/chamiboy.com\\\/revendeurs\\\/\",\"url\":\"https:\\\/\\\/chamiboy.com\\\/revendeurs\\\/\",\"name\":\"Nos Revendeurs - Trouvez les Points de Vente Chamiboy pr\u00e8s de vous - Chamiboy\",\"isPartOf\":{\"@id\":\"https:\\\/\\\/chamiboy.com\\\/#website\"},\"datePublished\":\"2021-07-16T12:44:20+00:00\",\"dateModified\":\"2025-01-27T17:31:41+00:00\",\"description\":\"D\u00e9couvrez o\u00f9 acheter les produits Chamiboy ! Nos revendeurs partenaires offrent nos outils et accessoires en carbone pour marins dans le monde entier. Trouvez le v\u00f4tre d\u00e8s maintenant.\",\"breadcrumb\":{\"@id\":\"https:\\\/\\\/chamiboy.com\\\/revendeurs\\\/#breadcrumb\"},\"inLanguage\":\"en-US\",\"potentialAction\":[{\"@type\":\"ReadAction\",\"target\":[\"https:\\\/\\\/chamiboy.com\\\/revendeurs\\\/\"]}]},{\"@type\":\"BreadcrumbList\",\"@id\":\"https:\\\/\\\/chamiboy.com\\\/revendeurs\\\/#breadcrumb\",\"itemListElement\":[{\"@type\":\"ListItem\",\"position\":1,\"name\":\"Accueil\",\"item\":\"https:\\\/\\\/chamiboy.com\\\/\"},{\"@type\":\"ListItem\",\"position\":2,\"name\":\"Nos Revendeurs &#8211; Trouvez les Points de Vente Chamiboy pr\u00e8s de vous\"}]},{\"@type\":\"WebSite\",\"@id\":\"https:\\\/\\\/chamiboy.com\\\/#website\",\"url\":\"https:\\\/\\\/chamiboy.com\\\/\",\"name\":\"Chamiboy\",\"description\":\"Build to last\",\"publisher\":{\"@id\":\"https:\\\/\\\/chamiboy.com\\\/#organization\"},\"potentialAction\":[{\"@type\":\"SearchAction\",\"target\":{\"@type\":\"EntryPoint\",\"urlTemplate\":\"https:\\\/\\\/chamiboy.com\\\/?s={search_term_string}\"},\"query-input\":{\"@type\":\"PropertyValueSpecification\",\"valueRequired\":true,\"valueName\":\"search_term_string\"}}],\"inLanguage\":\"en-US\"},{\"@type\":\"Organization\",\"@id\":\"https:\\\/\\\/chamiboy.com\\\/#organization\",\"name\":\"Chamiboy\",\"url\":\"https:\\\/\\\/chamiboy.com\\\/\",\"logo\":{\"@type\":\"ImageObject\",\"inLanguage\":\"en-US\",\"@id\":\"https:\\\/\\\/chamiboy.com\\\/#\\\/schema\\\/logo\\\/image\\\/\",\"url\":\"https:\\\/\\\/chamiboy.com\\\/wp-content\\\/uploads\\\/2021\\\/07\\\/logo-small.webp\",\"contentUrl\":\"https:\\\/\\\/chamiboy.com\\\/wp-content\\\/uploads\\\/2021\\\/07\\\/logo-small.webp\",\"width\":500,\"height\":106,\"caption\":\"Chamiboy\"},\"image\":{\"@id\":\"https:\\\/\\\/chamiboy.com\\\/#\\\/schema\\\/logo\\\/image\\\/\"},\"sameAs\":[\"https:\\\/\\\/www.instagram.com\\\/chamiboycarbon\"]}]}<\/script>\n<!-- \/ Yoast SEO plugin. -->","yoast_head_json":{"title":"Nos Revendeurs - Trouvez les Points de Vente Chamiboy pr\u00e8s de vous - Chamiboy","description":"D\u00e9couvrez o\u00f9 acheter les produits Chamiboy ! Nos revendeurs partenaires offrent nos outils et accessoires en carbone pour marins dans le monde entier. Trouvez le v\u00f4tre d\u00e8s maintenant.","robots":{"index":"index","follow":"follow","max-snippet":"max-snippet:-1","max-image-preview":"max-image-preview:large","max-video-preview":"max-video-preview:-1"},"canonical":"https:\/\/chamiboy.com\/en\/revendeurs\/","og_locale":"en_US","og_type":"article","og_title":"Nos Revendeurs - Trouvez les Points de Vente Chamiboy pr\u00e8s de vous - Chamiboy","og_description":"D\u00e9couvrez o\u00f9 acheter les produits Chamiboy ! Nos revendeurs partenaires offrent nos outils et accessoires en carbone pour marins dans le monde entier. Trouvez le v\u00f4tre d\u00e8s maintenant.","og_url":"https:\/\/chamiboy.com\/en\/revendeurs\/","og_site_name":"Chamiboy","article_modified_time":"2025-01-27T17:31:41+00:00","twitter_card":"summary_large_image","twitter_misc":{"Est. reading time":"1 minute"},"schema":{"@context":"https:\/\/schema.org","@graph":[{"@type":"WebPage","@id":"https:\/\/chamiboy.com\/revendeurs\/","url":"https:\/\/chamiboy.com\/revendeurs\/","name":"Nos Revendeurs - Trouvez les Points de Vente Chamiboy pr\u00e8s de vous - Chamiboy","isPartOf":{"@id":"https:\/\/chamiboy.com\/#website"},"datePublished":"2021-07-16T12:44:20+00:00","dateModified":"2025-01-27T17:31:41+00:00","description":"D\u00e9couvrez o\u00f9 acheter les produits Chamiboy ! Nos revendeurs partenaires offrent nos outils et accessoires en carbone pour marins dans le monde entier. Trouvez le v\u00f4tre d\u00e8s maintenant.","breadcrumb":{"@id":"https:\/\/chamiboy.com\/revendeurs\/#breadcrumb"},"inLanguage":"en-US","potentialAction":[{"@type":"ReadAction","target":["https:\/\/chamiboy.com\/revendeurs\/"]}]},{"@type":"BreadcrumbList","@id":"https:\/\/chamiboy.com\/revendeurs\/#breadcrumb","itemListElement":[{"@type":"ListItem","position":1,"name":"Accueil","item":"https:\/\/chamiboy.com\/"},{"@type":"ListItem","position":2,"name":"Nos Revendeurs &#8211; Trouvez les Points de Vente Chamiboy pr\u00e8s de vous"}]},{"@type":"WebSite","@id":"https:\/\/chamiboy.com\/#website","url":"https:\/\/chamiboy.com\/","name":"Chamiboy","description":"Build to last","publisher":{"@id":"https:\/\/chamiboy.com\/#organization"},"potentialAction":[{"@type":"SearchAction","target":{"@type":"EntryPoint","urlTemplate":"https:\/\/chamiboy.com\/?s={search_term_string}"},"query-input":{"@type":"PropertyValueSpecification","valueRequired":true,"valueName":"search_term_string"}}],"inLanguage":"en-US"},{"@type":"Organization","@id":"https:\/\/chamiboy.com\/#organization","name":"Chamiboy","url":"https:\/\/chamiboy.com\/","logo":{"@type":"ImageObject","inLanguage":"en-US","@id":"https:\/\/chamiboy.com\/#\/schema\/logo\/image\/","url":"https:\/\/chamiboy.com\/wp-content\/uploads\/2021\/07\/logo-small.webp","contentUrl":"https:\/\/chamiboy.com\/wp-content\/uploads\/2021\/07\/logo-small.webp","width":500,"height":106,"caption":"Chamiboy"},"image":{"@id":"https:\/\/chamiboy.com\/#\/schema\/logo\/image\/"},"sameAs":["https:\/\/www.instagram.com\/chamiboycarbon"]}]}},"_links":{"self":[{"href":"https:\/\/chamiboy.com\/en\/wp-json\/wp\/v2\/pages\/17378","targetHints":{"allow":["GET"]}}],"collection":[{"href":"https:\/\/chamiboy.com\/en\/wp-json\/wp\/v2\/pages"}],"about":[{"href":"https:\/\/chamiboy.com\/en\/wp-json\/wp\/v2\/types\/page"}],"author":[{"embeddable":true,"href":"https:\/\/chamiboy.com\/en\/wp-json\/wp\/v2\/users\/1"}],"replies":[{"embeddable":true,"href":"https:\/\/chamiboy.com\/en\/wp-json\/wp\/v2\/comments?post=17378"}],"version-history":[{"count":110,"href":"https:\/\/chamiboy.com\/en\/wp-json\/wp\/v2\/pages\/17378\/revisions"}],"predecessor-version":[{"id":20467,"href":"https:\/\/chamiboy.com\/en\/wp-json\/wp\/v2\/pages\/17378\/revisions\/20467"}],"wp:attachment":[{"href":"https:\/\/chamiboy.com\/en\/wp-json\/wp\/v2\/media?parent=17378"}],"curies":[{"name":"wp","href":"https:\/\/api.w.org\/{rel}","templated":true}]}}